{"id":1079,"date":"2023-01-10T05:13:00","date_gmt":"2023-01-10T05:13:00","guid":{"rendered":"https:\/\/valetex.preyantechnosys.com\/?page_id=1079"},"modified":"2026-01-15T04:30:13","modified_gmt":"2026-01-15T03:30:13","slug":"home-02","status":"publish","type":"page","link":"https:\/\/monvalet.com\/en\/","title":{"rendered":"Home 02"},"content":{"rendered":"<div data-elementor-type=\"wp-page\" data-elementor-id=\"1079\" class=\"elementor elementor-1079\">\n\t\t\t\t\t\t<section class=\"elementor-section elementor-top-section elementor-element elementor-element-28b079a elementor-section-stretched prt-top-mr prt-column-break-ipad-no prt-col-stretched-none elementor-section-boxed elementor-section-height-default elementor-section-height-default\" data-id=\"28b079a\" data-element_type=\"section\" data-e-type=\"section\" data-settings=\"{&quot;stretch_section&quot;:&quot;section-stretched&quot;}\">\n\t\t\t\t\t\t\t<div class=\"elementor-background-overlay\"><\/div>\n\t\t\t\t\t\t\t<div class=\"elementor-container elementor-column-gap-no\">\n\t\t\t\t\t<div class=\"elementor-column elementor-col-100 elementor-top-column elementor-element elementor-element-892863d\" data-id=\"892863d\" data-element_type=\"column\" data-e-type=\"column\">\n\t\t\t<div class=\"elementor-widget-wrap elementor-element-populated\">\n\t\t\t\t\t\t<section class=\"elementor-section elementor-inner-section elementor-element elementor-element-c9d3cdd prt-column-break-ipad-no prt-col-stretched-none elementor-section-boxed elementor-section-height-default elementor-section-height-default\" data-id=\"c9d3cdd\" data-element_type=\"section\" data-e-type=\"section\">\n\t\t\t\t\t\t<div class=\"elementor-container elementor-column-gap-no\">\n\t\t\t\t\t<div class=\"elementor-column elementor-col-100 elementor-inner-column elementor-element elementor-element-2e36f74\" data-id=\"2e36f74\" data-element_type=\"column\" data-e-type=\"column\">\n\t\t\t<div class=\"elementor-widget-wrap elementor-element-populated\">\n\t\t\t\t\t\t<div class=\"elementor-element elementor-element-2e20066 prt-align-center elementor-widget elementor-widget-prt_heading\" data-id=\"2e20066\" data-element_type=\"widget\" data-e-type=\"widget\" data-widget_type=\"prt_heading.default\">\n\t\t\t\t<div class=\"elementor-widget-container\">\n\t\t\t\t\t<div class=\"prt-element-heading-content-wrapper center-align prt-reverse-heading-yes prt-seperator-none  prt-heading-style-vertical\"><div class=\"prt-content-header\"><h4 class=\"prt-element-subheading\">\n\t\t\t\tVotre valets parking\n\t\t\t<\/h4>\n\t\t<h2 class=\"prt-element-content-heading\">\n\t\t\t\tParking avec valet \u00e0 petit prix ! \n\t\t\t<\/h2>\n\t\t<\/div><\/div>\t\t\t\t<\/div>\n\t\t\t\t<\/div>\n\t\t\t\t\t<\/div>\n\t\t<\/div>\n\t\t\t\t\t<\/div>\n\t\t<\/section>\n\t\t\t\t<section class=\"elementor-section elementor-inner-section elementor-element elementor-element-5599a58 prt-column-break-ipad-no prt-col-stretched-none elementor-section-boxed elementor-section-height-default elementor-section-height-default\" data-id=\"5599a58\" data-element_type=\"section\" data-e-type=\"section\">\n\t\t\t\t\t\t<div class=\"elementor-container elementor-column-gap-no\">\n\t\t\t\t\t<div class=\"elementor-column elementor-col-100 elementor-inner-column elementor-element elementor-element-2fa0f87\" data-id=\"2fa0f87\" data-element_type=\"column\" data-e-type=\"column\">\n\t\t\t<div class=\"elementor-widget-wrap elementor-element-populated\">\n\t\t\t\t\t\t<div class=\"elementor-element elementor-element-6c7927a elementor-widget elementor-widget-text-editor\" data-id=\"6c7927a\" data-element_type=\"widget\" data-e-type=\"widget\" data-widget_type=\"text-editor.default\">\n\t\t\t\t<div class=\"elementor-widget-container\">\n\t\t\t\t\t\t\t\t\t<p>Un service client \u00e0 la hauteur de vos attentes <img decoding=\"async\" src=\"https:\/\/valetex.preyantechnosys.com\/wp-content\/uploads\/2023\/01\/img-icon1.png\" alt=\"\" \/> <img decoding=\"async\" src=\"https:\/\/valetex.preyantechnosys.com\/wp-content\/uploads\/2023\/01\/img-icon2.png\" alt=\"\" \/><\/p>\t\t\t\t\t\t\t\t<\/div>\n\t\t\t\t<\/div>\n\t\t\t\t\t<\/div>\n\t\t<\/div>\n\t\t\t\t\t<\/div>\n\t\t<\/section>\n\t\t\t\t\t<\/div>\n\t\t<\/div>\n\t\t\t\t\t<\/div>\n\t\t<\/section>\n\t\t\t\t<section class=\"elementor-section elementor-top-section elementor-element elementor-element-6cc0456 elementor-section-stretched prt-column-break-ipad-yes prt-col-stretched-none elementor-section-boxed elementor-section-height-default elementor-section-height-default\" data-id=\"6cc0456\" data-element_type=\"section\" data-e-type=\"section\" data-settings=\"{&quot;stretch_section&quot;:&quot;section-stretched&quot;}\">\n\t\t\t\t\t\t<div class=\"elementor-container elementor-column-gap-no\">\n\t\t\t\t\t<div class=\"elementor-column elementor-col-100 elementor-top-column elementor-element elementor-element-9815382\" data-id=\"9815382\" data-element_type=\"column\" data-e-type=\"column\">\n\t\t\t<div class=\"elementor-widget-wrap elementor-element-populated\">\n\t\t\t\t\t\t<section class=\"elementor-section elementor-inner-section elementor-element elementor-element-57dc374 prt-column-break-ipad-no prt-col-stretched-none elementor-section-boxed elementor-section-height-default elementor-section-height-default\" data-id=\"57dc374\" data-element_type=\"section\" data-e-type=\"section\">\n\t\t\t\t\t\t<div class=\"elementor-container elementor-column-gap-no\">\n\t\t\t\t\t<div class=\"elementor-column elementor-col-100 elementor-inner-column elementor-element elementor-element-f840986\" data-id=\"f840986\" data-element_type=\"column\" data-e-type=\"column\">\n\t\t\t<div class=\"elementor-widget-wrap elementor-element-populated\">\n\t\t\t\t\t\t<div class=\"elementor-element elementor-element-35b95d3 prt-align-center elementor-widget elementor-widget-prt_heading\" data-id=\"35b95d3\" data-element_type=\"widget\" data-e-type=\"widget\" data-widget_type=\"prt_heading.default\">\n\t\t\t\t<div class=\"elementor-widget-container\">\n\t\t\t\t\t<div class=\"prt-element-heading-content-wrapper center-align prt-reverse-heading-yes prt-seperator-solid prt-content-with-desc prt-heading-style-vertical\"><div class=\"prt-content-header\"><h4 class=\"prt-element-subheading\">\n\t\t\t\t\u00e0 propos de monvalet\n\t\t\t<\/h4>\n\t\t<h2 class=\"prt-element-content-heading\">\n\t\t\t\t\u00c0 propos du service de valet\n\t\t\t<\/h2>\n\t\t<\/div><div class=\"prt-element-content-desctxt\">Un valet vient r\u00e9cup\u00e9rer mon v\u00e9hicule directement \u00e0 l'a\u00e9roport !<\/div><\/div>\t\t\t\t<\/div>\n\t\t\t\t<\/div>\n\t\t\t\t\t<\/div>\n\t\t<\/div>\n\t\t\t\t\t<\/div>\n\t\t<\/section>\n\t\t\t\t<section class=\"elementor-section elementor-inner-section elementor-element elementor-element-1a92b7a prt-column-break-ipad-no prt-col-stretched-none elementor-section-boxed elementor-section-height-default elementor-section-height-default\" data-id=\"1a92b7a\" data-element_type=\"section\" data-e-type=\"section\">\n\t\t\t\t\t\t<div class=\"elementor-container elementor-column-gap-no\">\n\t\t\t\t\t<div class=\"elementor-column elementor-col-33 elementor-inner-column elementor-element elementor-element-1d47986\" data-id=\"1d47986\" data-element_type=\"column\" data-e-type=\"column\">\n\t\t\t<div class=\"elementor-widget-wrap elementor-element-populated\">\n\t\t\t\t\t\t<div class=\"elementor-element elementor-element-dfc9a7b elementor-align-end elementor-tablet-align-center prt-listtext-line elementor-list-item-link-full_width elementor-widget elementor-widget-icon-list\" data-id=\"dfc9a7b\" data-element_type=\"widget\" data-e-type=\"widget\" data-widget_type=\"icon-list.default\">\n\t\t\t\t<div class=\"elementor-widget-container\">\n\t\t\t\t\t\t\t<ul class=\"elementor-icon-list-items\">\n\t\t\t\t\t\t\t<li class=\"elementor-icon-list-item\">\n\t\t\t\t\t\t\t\t\t\t<span class=\"elementor-icon-list-text\">Professionnels<\/span>\n\t\t\t\t\t\t\t\t\t<\/li>\n\t\t\t\t\t\t\t\t<li class=\"elementor-icon-list-item\">\n\t\t\t\t\t\t\t\t\t\t<span class=\"elementor-icon-list-text\">Servi dans les d\u00e9lais<\/span>\n\t\t\t\t\t\t\t\t\t<\/li>\n\t\t\t\t\t\t\t\t<li class=\"elementor-icon-list-item\">\n\t\t\t\t\t\t\t\t\t\t<span class=\"elementor-icon-list-text\">Un valet a un bon prix <\/span>\n\t\t\t\t\t\t\t\t\t<\/li>\n\t\t\t\t\t\t<\/ul>\n\t\t\t\t\t\t<\/div>\n\t\t\t\t<\/div>\n\t\t\t\t\t<\/div>\n\t\t<\/div>\n\t\t\t\t<div class=\"elementor-column elementor-col-33 elementor-inner-column elementor-element elementor-element-1178ada\" data-id=\"1178ada\" data-element_type=\"column\" data-e-type=\"column\">\n\t\t\t<div class=\"elementor-widget-wrap elementor-element-populated\">\n\t\t\t\t\t\t<div class=\"elementor-element elementor-element-9cced2a prt-car-animation tm-reveal-effects-yes tm-reveal-direction-lr elementor-widget elementor-widget-image\" data-id=\"9cced2a\" data-element_type=\"widget\" data-e-type=\"widget\" data-widget_type=\"image.default\">\n\t\t\t\t<div class=\"elementor-widget-container\">\n\t\t\t\t\t\t\t\t\t\t\t\t\t\t\t<img fetchpriority=\"high\" decoding=\"async\" width=\"488\" height=\"380\" src=\"https:\/\/monvalet.com\/wp-content\/uploads\/2023\/01\/car-img.png\" class=\"attachment-full size-full wp-image-490\" alt=\"\" srcset=\"https:\/\/monvalet.com\/wp-content\/uploads\/2023\/01\/car-img.png 488w, https:\/\/monvalet.com\/wp-content\/uploads\/2023\/01\/car-img-300x234.png 300w, https:\/\/monvalet.com\/wp-content\/uploads\/2023\/01\/car-img-15x12.png 15w, https:\/\/monvalet.com\/wp-content\/uploads\/2023\/01\/car-img-385x300.png 385w\" sizes=\"(max-width: 488px) 100vw, 488px\" data-id=\"490\" \/>\t\t\t\t\t\t\t\t\t\t\t\t\t\t\t<\/div>\n\t\t\t\t<\/div>\n\t\t\t\t\t<\/div>\n\t\t<\/div>\n\t\t\t\t<div class=\"elementor-column elementor-col-33 elementor-inner-column elementor-element elementor-element-c9d4508\" data-id=\"c9d4508\" data-element_type=\"column\" data-e-type=\"column\">\n\t\t\t<div class=\"elementor-widget-wrap elementor-element-populated\">\n\t\t\t\t\t\t<div class=\"elementor-element elementor-element-3b5890d elementor-widget elementor-widget-accordion\" data-id=\"3b5890d\" data-element_type=\"widget\" data-e-type=\"widget\" data-widget_type=\"accordion.default\">\n\t\t\t\t<div class=\"elementor-widget-container\">\n\t\t\t\t\t\t\t<div class=\"elementor-accordion\">\n\t\t\t\t\t\t\t<div class=\"elementor-accordion-item\">\n\t\t\t\t\t<div id=\"elementor-tab-title-6221\" class=\"elementor-tab-title\" data-tab=\"1\" role=\"button\" aria-controls=\"elementor-tab-content-6221\" aria-expanded=\"false\">\n\t\t\t\t\t\t\t\t\t\t\t\t<a class=\"elementor-accordion-title\" tabindex=\"0\">R\u00e9servez<\/a>\n\t\t\t\t\t<\/div>\n\t\t\t\t\t<div id=\"elementor-tab-content-6221\" class=\"elementor-tab-content elementor-clearfix\" data-tab=\"1\" role=\"region\" aria-labelledby=\"elementor-tab-title-6221\"><p><a href=\"https:\/\/monvalet.com\/en\/contact\/\">Contacter nous -&gt; ici !\u00a0<\/a><\/p><\/div>\n\t\t\t\t<\/div>\n\t\t\t\t\t\t\t<div class=\"elementor-accordion-item\">\n\t\t\t\t\t<div id=\"elementor-tab-title-6222\" class=\"elementor-tab-title\" data-tab=\"2\" role=\"button\" aria-controls=\"elementor-tab-content-6222\" aria-expanded=\"false\">\n\t\t\t\t\t\t\t\t\t\t\t\t<a class=\"elementor-accordion-title\" tabindex=\"0\">Confiez<\/a>\n\t\t\t\t\t<\/div>\n\t\t\t\t\t<div id=\"elementor-tab-content-6222\" class=\"elementor-tab-content elementor-clearfix\" data-tab=\"2\" role=\"region\" aria-labelledby=\"elementor-tab-title-6222\"><p>Votre v\u00e9hicule \u00e0 votre voiturier d\u00e9di\u00e9 qui vous attendra directement \u00e0 l&rsquo;a\u00e9roport<\/p><\/div>\n\t\t\t\t<\/div>\n\t\t\t\t\t\t\t<div class=\"elementor-accordion-item\">\n\t\t\t\t\t<div id=\"elementor-tab-title-6223\" class=\"elementor-tab-title\" data-tab=\"3\" role=\"button\" aria-controls=\"elementor-tab-content-6223\" aria-expanded=\"false\">\n\t\t\t\t\t\t\t\t\t\t\t\t<a class=\"elementor-accordion-title\" tabindex=\"0\">Recover<\/a>\n\t\t\t\t\t<\/div>\n\t\t\t\t\t<div id=\"elementor-tab-content-6223\" class=\"elementor-tab-content elementor-clearfix\" data-tab=\"3\" role=\"region\" aria-labelledby=\"elementor-tab-title-6223\"><p>Votre v\u00e9hicule au m\u00eame endroit \u00e0 votre retour de voyage.<\/p><\/div>\n\t\t\t\t<\/div>\n\t\t\t\t\t\t\t\t<\/div>\n\t\t\t\t\t\t<\/div>\n\t\t\t\t<\/div>\n\t\t\t\t\t<\/div>\n\t\t<\/div>\n\t\t\t\t\t<\/div>\n\t\t<\/section>\n\t\t\t\t\t<\/div>\n\t\t<\/div>\n\t\t\t\t\t<\/div>\n\t\t<\/section>\n\t\t<div class=\"elementor-element elementor-element-1b39d54 e-flex e-con-boxed e-con e-parent\" data-id=\"1b39d54\" data-element_type=\"container\" data-e-type=\"container\">\n\t\t\t\t\t<div class=\"e-con-inner\">\n\t\t\t\t<div class=\"elementor-element elementor-element-a3cb5e4 elementor-widget elementor-widget-html\" data-id=\"a3cb5e4\" data-element_type=\"widget\" data-e-type=\"widget\" data-widget_type=\"html.default\">\n\t\t\t\t<div class=\"elementor-widget-container\">\n\t\t\t\t\t<div style=\"background: linear-gradient(90deg, #6d28d9, #ec4899); color: #fff; text-align: center; padding: 22px; font-family: Arial, sans-serif; border-radius: 12px; margin: 20px auto; max-width: 860px; box-shadow: 0 10px 25px rgba(0,0,0,0.18);\">\r\n  \r\n  <div style=\"font-size: 12px; letter-spacing: 1px; text-transform: uppercase; opacity: 0.92; margin-bottom: 8px;\">\r\n    Voyage \u2022 D\u00e9part \u2022 Destination\r\n  <\/div>\r\n\r\n  <h2 style=\"margin: 0; font-size: 28px; font-weight: 800; line-height: 1.15;\">\r\n    Vous partez en voyage ?\r\n    <br> Faites une rencontre avant (ou pendant) le d\u00e9part.\r\n  <\/h2>\r\n\r\n  <p style=\"font-size: 18px; margin: 12px 0 8px; opacity: 0.96;\">\r\n    Dans votre ville ou \u00e0 l\u2019autre bout du monde, <strong>Lun\u00e9o<\/strong> vous aide \u00e0 rencontrer des personnes qui partagent vos envies.\r\n  <\/p>\r\n\r\n  <p style=\"font-size: 15.5px; margin: 0 0 16px; opacity: 0.95; line-height: 1.45;\">\r\n    <strong>Caf\u00e9<\/strong> \u2022 <strong>sortie<\/strong> \u2022 <strong>resto<\/strong> \u2022 <strong>city-walk<\/strong> \u2022 <strong>compagnon de voyage<\/strong>.\r\n    Inscription rapide, commencez \u00e0 \u00e9changer d\u00e8s aujourd\u2019hui.\r\n  <\/p>\r\n\r\n  <a href=\"https:\/\/darksalmon-walrus-399620.hostingersite.com\/\"\r\n     style=\"display: inline-block; background: rgba(255,255,255,0.16); color: #fff; padding: 12px 26px; text-decoration: none; font-weight: 800; border-radius: 999px; font-size: 18px; border: 1px solid rgba(255,255,255,0.28);\">\r\n    \ud83d\udc49 S\u2019inscrire sur Lun\u00e9o\r\n  <\/a>\r\n\r\n  <div style=\"margin-top: 12px; font-size: 13px; opacity: 0.92;\">\r\n    Astuce : indiquez votre prochaine destination pour faire des rencontres sur place.\r\n  <\/div>\r\n<\/div>\r\n\t\t\t\t<\/div>\n\t\t\t\t<\/div>\n\t\t\t\t\t<\/div>\n\t\t\t\t<\/div>\n\t\t\t\t<\/div>","protected":false},"excerpt":{"rendered":"<p>Votre valets parking Parking avec valet \u00e0 petit prix ! Un service client \u00e0 la hauteur de vos attentes \u00e0 propos de monvalet \u00c0 propos du service de valet Un valet vient r\u00e9cup\u00e9rer mon v\u00e9hicule directement \u00e0 l&rsquo;a\u00e9roport ! Professionnels Servi dans les d\u00e9lais Un valet a un bon prix R\u00e9servez Contacter nous -&gt; ici &hellip; <a href=\"https:\/\/monvalet.com\/en\/\" class=\"more-link\">Continue reading <span class=\"screen-reader-text\">Home 02<\/span><\/a><\/p>","protected":false},"author":1,"featured_media":0,"parent":0,"menu_order":0,"comment_status":"closed","ping_status":"closed","template":"","meta":{"_kadence_starter_templates_imported_post":false,"footnotes":""},"class_list":["post-1079","page","type-page","status-publish","hentry"],"yoast_head":"<!-- This site is optimized with the Yoast SEO plugin v27.4 - https:\/\/yoast.com\/product\/yoast-seo-wordpress\/ -->\n<title>Home 02 - Mon Valet<\/title>\n<meta name=\"robots\" content=\"index, follow, max-snippet:-1, max-image-preview:large, max-video-preview:-1\" \/>\n<link rel=\"canonical\" href=\"https:\/\/monvalet.com\/en\/\" \/>\n<meta property=\"og:locale\" content=\"en_US\" \/>\n<meta property=\"og:type\" content=\"article\" \/>\n<meta property=\"og:title\" content=\"Home 02 - Mon Valet\" \/>\n<meta property=\"og:description\" content=\"Votre valets parking Parking avec valet \u00e0 petit prix ! Un service client \u00e0 la hauteur de vos attentes \u00e0 propos de monvalet \u00c0 propos du service de valet Un valet vient r\u00e9cup\u00e9rer mon v\u00e9hicule directement \u00e0 l&rsquo;a\u00e9roport ! Professionnels Servi dans les d\u00e9lais Un valet a un bon prix R\u00e9servez Contacter nous -&gt; ici &hellip; Continue reading Home 02\" \/>\n<meta property=\"og:url\" content=\"https:\/\/monvalet.com\/en\/\" \/>\n<meta property=\"og:site_name\" content=\"Mon Valet\" \/>\n<meta property=\"article:modified_time\" content=\"2026-01-15T03:30:13+00:00\" \/>\n<meta property=\"og:image\" content=\"https:\/\/valetex.preyantechnosys.com\/wp-content\/uploads\/2023\/01\/img-icon1.png\" \/>\n<meta name=\"twitter:card\" content=\"summary_large_image\" \/>\n<meta name=\"twitter:label1\" content=\"Est. reading time\" \/>\n\t<meta name=\"twitter:data1\" content=\"2 minutes\" \/>\n<script type=\"application\/ld+json\" class=\"yoast-schema-graph\">{\"@context\":\"https:\\\/\\\/schema.org\",\"@graph\":[{\"@type\":\"WebPage\",\"@id\":\"https:\\\/\\\/monvalet.com\\\/\",\"url\":\"https:\\\/\\\/monvalet.com\\\/\",\"name\":\"Home 02 - Mon Valet\",\"isPartOf\":{\"@id\":\"https:\\\/\\\/monvalet.com\\\/#website\"},\"primaryImageOfPage\":{\"@id\":\"https:\\\/\\\/monvalet.com\\\/#primaryimage\"},\"image\":{\"@id\":\"https:\\\/\\\/monvalet.com\\\/#primaryimage\"},\"thumbnailUrl\":\"https:\\\/\\\/valetex.preyantechnosys.com\\\/wp-content\\\/uploads\\\/2023\\\/01\\\/img-icon1.png\",\"datePublished\":\"2023-01-10T05:13:00+00:00\",\"dateModified\":\"2026-01-15T03:30:13+00:00\",\"breadcrumb\":{\"@id\":\"https:\\\/\\\/monvalet.com\\\/#breadcrumb\"},\"inLanguage\":\"en-US\",\"potentialAction\":[{\"@type\":\"ReadAction\",\"target\":[\"https:\\\/\\\/monvalet.com\\\/\"]}]},{\"@type\":\"ImageObject\",\"inLanguage\":\"en-US\",\"@id\":\"https:\\\/\\\/monvalet.com\\\/#primaryimage\",\"url\":\"https:\\\/\\\/valetex.preyantechnosys.com\\\/wp-content\\\/uploads\\\/2023\\\/01\\\/img-icon1.png\",\"contentUrl\":\"https:\\\/\\\/valetex.preyantechnosys.com\\\/wp-content\\\/uploads\\\/2023\\\/01\\\/img-icon1.png\"},{\"@type\":\"BreadcrumbList\",\"@id\":\"https:\\\/\\\/monvalet.com\\\/#breadcrumb\",\"itemListElement\":[{\"@type\":\"ListItem\",\"position\":1,\"name\":\"Accueil\",\"item\":\"https:\\\/\\\/monvalet.com\\\/\"},{\"@type\":\"ListItem\",\"position\":2,\"name\":\"Home 02\"}]},{\"@type\":\"WebSite\",\"@id\":\"https:\\\/\\\/monvalet.com\\\/#website\",\"url\":\"https:\\\/\\\/monvalet.com\\\/\",\"name\":\"Mon Valet\",\"description\":\"Commencer votre voyage avec nous ! Partagez votre parking quand vous ne l\u2019utilisez pas et gagnez en moyenne par 800$ mois Revenus moyens par mois gr\u00e2ce \u00e0 Monvalet, la plus grande plateforme de parkingpartage au monde.\",\"publisher\":{\"@id\":\"https:\\\/\\\/monvalet.com\\\/#organization\"},\"potentialAction\":[{\"@type\":\"SearchAction\",\"target\":{\"@type\":\"EntryPoint\",\"urlTemplate\":\"https:\\\/\\\/monvalet.com\\\/?s={search_term_string}\"},\"query-input\":{\"@type\":\"PropertyValueSpecification\",\"valueRequired\":true,\"valueName\":\"search_term_string\"}}],\"inLanguage\":\"en-US\"},{\"@type\":\"Organization\",\"@id\":\"https:\\\/\\\/monvalet.com\\\/#organization\",\"name\":\"Mon valet\",\"url\":\"https:\\\/\\\/monvalet.com\\\/\",\"logo\":{\"@type\":\"ImageObject\",\"inLanguage\":\"en-US\",\"@id\":\"https:\\\/\\\/monvalet.com\\\/#\\\/schema\\\/logo\\\/image\\\/\",\"url\":\"https:\\\/\\\/monvalet.com\\\/wp-content\\\/uploads\\\/2021\\\/10\\\/cropped-Mon-valet-4-1.png\",\"contentUrl\":\"https:\\\/\\\/monvalet.com\\\/wp-content\\\/uploads\\\/2021\\\/10\\\/cropped-Mon-valet-4-1.png\",\"width\":512,\"height\":512,\"caption\":\"Mon valet\"},\"image\":{\"@id\":\"https:\\\/\\\/monvalet.com\\\/#\\\/schema\\\/logo\\\/image\\\/\"}}]}<\/script>\n<!-- \/ Yoast SEO plugin. -->","yoast_head_json":{"title":"Home 02 - Mon Valet","robots":{"index":"index","follow":"follow","max-snippet":"max-snippet:-1","max-image-preview":"max-image-preview:large","max-video-preview":"max-video-preview:-1"},"canonical":"https:\/\/monvalet.com\/en\/","og_locale":"en_US","og_type":"article","og_title":"Home 02 - Mon Valet","og_description":"Votre valets parking Parking avec valet \u00e0 petit prix ! Un service client \u00e0 la hauteur de vos attentes \u00e0 propos de monvalet \u00c0 propos du service de valet Un valet vient r\u00e9cup\u00e9rer mon v\u00e9hicule directement \u00e0 l&rsquo;a\u00e9roport ! Professionnels Servi dans les d\u00e9lais Un valet a un bon prix R\u00e9servez Contacter nous -&gt; ici &hellip; Continue reading Home 02","og_url":"https:\/\/monvalet.com\/en\/","og_site_name":"Mon Valet","article_modified_time":"2026-01-15T03:30:13+00:00","og_image":[{"url":"https:\/\/valetex.preyantechnosys.com\/wp-content\/uploads\/2023\/01\/img-icon1.png","type":"","width":"","height":""}],"twitter_card":"summary_large_image","twitter_misc":{"Est. reading time":"2 minutes"},"schema":{"@context":"https:\/\/schema.org","@graph":[{"@type":"WebPage","@id":"https:\/\/monvalet.com\/","url":"https:\/\/monvalet.com\/","name":"Home 02 - Mon Valet","isPartOf":{"@id":"https:\/\/monvalet.com\/#website"},"primaryImageOfPage":{"@id":"https:\/\/monvalet.com\/#primaryimage"},"image":{"@id":"https:\/\/monvalet.com\/#primaryimage"},"thumbnailUrl":"https:\/\/valetex.preyantechnosys.com\/wp-content\/uploads\/2023\/01\/img-icon1.png","datePublished":"2023-01-10T05:13:00+00:00","dateModified":"2026-01-15T03:30:13+00:00","breadcrumb":{"@id":"https:\/\/monvalet.com\/#breadcrumb"},"inLanguage":"en-US","potentialAction":[{"@type":"ReadAction","target":["https:\/\/monvalet.com\/"]}]},{"@type":"ImageObject","inLanguage":"en-US","@id":"https:\/\/monvalet.com\/#primaryimage","url":"https:\/\/valetex.preyantechnosys.com\/wp-content\/uploads\/2023\/01\/img-icon1.png","contentUrl":"https:\/\/valetex.preyantechnosys.com\/wp-content\/uploads\/2023\/01\/img-icon1.png"},{"@type":"BreadcrumbList","@id":"https:\/\/monvalet.com\/#breadcrumb","itemListElement":[{"@type":"ListItem","position":1,"name":"Accueil","item":"https:\/\/monvalet.com\/"},{"@type":"ListItem","position":2,"name":"Home 02"}]},{"@type":"WebSite","@id":"https:\/\/monvalet.com\/#website","url":"https:\/\/monvalet.com\/","name":"Mon Valet","description":"Commencer votre voyage avec nous ! Partagez votre parking quand vous ne l\u2019utilisez pas et gagnez en moyenne par 800$ mois Revenus moyens par mois gr\u00e2ce \u00e0 Monvalet, la plus grande plateforme de parkingpartage au monde.","publisher":{"@id":"https:\/\/monvalet.com\/#organization"},"potentialAction":[{"@type":"SearchAction","target":{"@type":"EntryPoint","urlTemplate":"https:\/\/monvalet.com\/?s={search_term_string}"},"query-input":{"@type":"PropertyValueSpecification","valueRequired":true,"valueName":"search_term_string"}}],"inLanguage":"en-US"},{"@type":"Organization","@id":"https:\/\/monvalet.com\/#organization","name":"Mon valet","url":"https:\/\/monvalet.com\/","logo":{"@type":"ImageObject","inLanguage":"en-US","@id":"https:\/\/monvalet.com\/#\/schema\/logo\/image\/","url":"https:\/\/monvalet.com\/wp-content\/uploads\/2021\/10\/cropped-Mon-valet-4-1.png","contentUrl":"https:\/\/monvalet.com\/wp-content\/uploads\/2021\/10\/cropped-Mon-valet-4-1.png","width":512,"height":512,"caption":"Mon valet"},"image":{"@id":"https:\/\/monvalet.com\/#\/schema\/logo\/image\/"}}]}},"_links":{"self":[{"href":"https:\/\/monvalet.com\/en\/wp-json\/wp\/v2\/pages\/1079","targetHints":{"allow":["GET"]}}],"collection":[{"href":"https:\/\/monvalet.com\/en\/wp-json\/wp\/v2\/pages"}],"about":[{"href":"https:\/\/monvalet.com\/en\/wp-json\/wp\/v2\/types\/page"}],"author":[{"embeddable":true,"href":"https:\/\/monvalet.com\/en\/wp-json\/wp\/v2\/users\/1"}],"replies":[{"embeddable":true,"href":"https:\/\/monvalet.com\/en\/wp-json\/wp\/v2\/comments?post=1079"}],"version-history":[{"count":133,"href":"https:\/\/monvalet.com\/en\/wp-json\/wp\/v2\/pages\/1079\/revisions"}],"predecessor-version":[{"id":4962,"href":"https:\/\/monvalet.com\/en\/wp-json\/wp\/v2\/pages\/1079\/revisions\/4962"}],"wp:attachment":[{"href":"https:\/\/monvalet.com\/en\/wp-json\/wp\/v2\/media?parent=1079"}],"curies":[{"name":"wp","href":"https:\/\/api.w.org\/{rel}","templated":true}]}}