{"id":2131,"date":"2020-12-21T08:37:38","date_gmt":"2020-12-21T08:37:38","guid":{"rendered":"https:\/\/wordpress-486734-1655966.cloudwaysapps.com\/?page_id=2131"},"modified":"2025-02-06T17:34:50","modified_gmt":"2025-02-06T16:34:50","slug":"contact","status":"publish","type":"page","link":"https:\/\/monvalet.com\/en\/contact\/","title":{"rendered":"Contact"},"content":{"rendered":"<style>.kb-row-layout-wrap.wp-block-kadence-rowlayout.kb-row-layout-id2131_f934b1-3d{margin-top:0px;margin-bottom:0px;}.kb-row-layout-id2131_f934b1-3d > .kt-row-column-wrap{align-content:start;}:where(.kb-row-layout-id2131_f934b1-3d > .kt-row-column-wrap) > .wp-block-kadence-column{justify-content:start;}.kb-row-layout-id2131_f934b1-3d > .kt-row-column-wrap{column-gap:var(--global-kb-gap-none, 0rem );row-gap:var(--global-kb-gap-md, 2rem);max-width:1140px;margin-left:auto;margin-right:auto;padding-top:0px;padding-right:0px;padding-bottom:0px;padding-left:0px;grid-template-columns:minmax(0, 1fr);}.kb-row-layout-id2131_f934b1-3d > .kt-row-layout-overlay{opacity:0.30;}@media all and (max-width: 1024px){.kb-row-layout-id2131_f934b1-3d > .kt-row-column-wrap{padding-top:60px;padding-right:30px;padding-bottom:0px;padding-left:30px;grid-template-columns:minmax(0, 1fr);}}@media all and (max-width: 767px){.kb-row-layout-id2131_f934b1-3d > .kt-row-column-wrap{grid-template-columns:minmax(0, 1fr);}}<\/style><div class=\"kb-row-layout-wrap kb-row-layout-id2131_f934b1-3d alignnone wp-block-kadence-rowlayout\"><div class=\"kt-row-column-wrap kt-has-1-columns kt-row-layout-equal kt-tab-layout-inherit kt-mobile-layout-row kt-row-valign-top\">\n<style>.kadence-column2131_e01c27-51 > .kt-inside-inner-col{display:flex;}.kadence-column2131_e01c27-51 > .kt-inside-inner-col{padding-top:0px;padding-right:60px;padding-bottom:0px;padding-left:10px;}.kadence-column2131_e01c27-51 > .kt-inside-inner-col,.kadence-column2131_e01c27-51 > .kt-inside-inner-col:before{border-top-left-radius:0px;border-top-right-radius:0px;border-bottom-right-radius:0px;border-bottom-left-radius:0px;}.kadence-column2131_e01c27-51 > .kt-inside-inner-col{column-gap:var(--global-kb-gap-sm, 1rem);}.kadence-column2131_e01c27-51 > .kt-inside-inner-col{flex-direction:column;justify-content:center;align-items:center;}.kadence-column2131_e01c27-51 > .kt-inside-inner-col > .kb-image-is-ratio-size{align-self:stretch;}.kadence-column2131_e01c27-51 > .kt-inside-inner-col > .wp-block-kadence-advancedgallery{align-self:stretch;}.kadence-column2131_e01c27-51 > .kt-inside-inner-col > .aligncenter{width:100%;}.kt-row-column-wrap > .kadence-column2131_e01c27-51{align-self:center;}.kt-inner-column-height-full:not(.kt-has-1-columns) > .wp-block-kadence-column.kadence-column2131_e01c27-51{align-self:auto;}.kt-inner-column-height-full:not(.kt-has-1-columns) > .wp-block-kadence-column.kadence-column2131_e01c27-51 > .kt-inside-inner-col{flex-direction:column;justify-content:center;}.kadence-column2131_e01c27-51 > .kt-inside-inner-col:before{opacity:0.3;}.kadence-column2131_e01c27-51{text-align:center;}.kadence-column2131_e01c27-51{position:relative;}.kadence-column2131_e01c27-51, .kt-inside-inner-col > .kadence-column2131_e01c27-51:not(.specificity){margin-top:0px;margin-right:0px;margin-bottom:0px;margin-left:0px;}@media all and (max-width: 1024px){.kt-row-column-wrap > .kadence-column2131_e01c27-51{align-self:center;}}@media all and (max-width: 1024px){.kt-inner-column-height-full:not(.kt-has-1-columns) > .wp-block-kadence-column.kadence-column2131_e01c27-51{align-self:auto;}}@media all and (max-width: 1024px){.kt-inner-column-height-full:not(.kt-has-1-columns) > .wp-block-kadence-column.kadence-column2131_e01c27-51 > .kt-inside-inner-col{flex-direction:column;justify-content:center;}}@media all and (max-width: 1024px){.kadence-column2131_e01c27-51 > .kt-inside-inner-col{flex-direction:column;justify-content:center;align-items:center;}}@media all and (max-width: 767px){.kt-row-column-wrap > .kadence-column2131_e01c27-51{align-self:center;}.kt-inner-column-height-full:not(.kt-has-1-columns) > .wp-block-kadence-column.kadence-column2131_e01c27-51{align-self:auto;}.kt-inner-column-height-full:not(.kt-has-1-columns) > .wp-block-kadence-column.kadence-column2131_e01c27-51 > .kt-inside-inner-col{flex-direction:column;justify-content:center;}.kadence-column2131_e01c27-51 > .kt-inside-inner-col{flex-direction:column;justify-content:center;align-items:center;}}<\/style>\n<div class=\"wp-block-kadence-column kadence-column2131_e01c27-51 inner-column-1\"><div class=\"kt-inside-inner-col\">\n<p class=\"has-text-align-center\">\u00a0<\/p>\n\n\n<style>.kb-row-layout-id2131_155b58-90 > .kt-row-column-wrap{align-content:start;}:where(.kb-row-layout-id2131_155b58-90 > .kt-row-column-wrap) > .wp-block-kadence-column{justify-content:start;}.kb-row-layout-id2131_155b58-90 > .kt-row-column-wrap{column-gap:var(--global-kb-gap-md, 2rem);row-gap:var(--global-kb-gap-md, 2rem);padding-top:0px;padding-bottom:38px;grid-template-columns:minmax(0, 1fr);}.kb-row-layout-id2131_155b58-90 > .kt-row-layout-overlay{opacity:0.30;}@media all and (max-width: 1024px){.kb-row-layout-id2131_155b58-90 > .kt-row-column-wrap{grid-template-columns:minmax(0, 1fr);}}@media all and (max-width: 767px){.kb-row-layout-id2131_155b58-90 > .kt-row-column-wrap{grid-template-columns:minmax(0, 1fr);}}<\/style><div class=\"kb-row-layout-wrap kb-row-layout-id2131_155b58-90 alignnone wp-block-kadence-rowlayout\"><div class=\"kt-row-column-wrap kt-has-1-columns kt-row-layout-equal kt-tab-layout-inherit kt-mobile-layout-row kt-row-valign-top\">\n<style>.kadence-column2131_566474-a2 > .kt-inside-inner-col,.kadence-column2131_566474-a2 > .kt-inside-inner-col:before{border-top-left-radius:0px;border-top-right-radius:0px;border-bottom-right-radius:0px;border-bottom-left-radius:0px;}.kadence-column2131_566474-a2 > .kt-inside-inner-col{column-gap:var(--global-kb-gap-sm, 1rem);}.kadence-column2131_566474-a2 > .kt-inside-inner-col{flex-direction:column;}.kadence-column2131_566474-a2 > .kt-inside-inner-col > .aligncenter{width:100%;}.kadence-column2131_566474-a2 > .kt-inside-inner-col:before{opacity:0.3;}.kadence-column2131_566474-a2{position:relative;}@media all and (max-width: 1024px){.kadence-column2131_566474-a2 > .kt-inside-inner-col{flex-direction:column;justify-content:center;}}@media all and (max-width: 767px){.kadence-column2131_566474-a2 > .kt-inside-inner-col{flex-direction:column;justify-content:center;}}<\/style>\n<div class=\"wp-block-kadence-column kadence-column2131_566474-a2 inner-column-1\"><div class=\"kt-inside-inner-col\">\n<h3 class=\"wp-block-heading has-text-align-center\">Send a request<\/h3>\n<\/div><\/div>\n\n<\/div><\/div>\n\n<style>.kadence-form-2131_36bb6a-66 .kb-form .kadence-blocks-form-field{padding-right:15px;padding-left:15px;}.kadence-form-2131_36bb6a-66 .kb-form{margin-right:-15px;margin-left:-15px;}.kadence-form-2131_36bb6a-66 .kb-form .kadence-blocks-form-field .kb-text-style-field, .kadence-form-2131_36bb6a-66 .kb-form .kadence-blocks-form-field .kb-select-style-field{color:var(--global-palette4, #2D3748);line-height:1em;background:var(--global-palette9, #ffffff);border-color:rgba(113, 128, 150, 0.4);}.kadence-form-2131_36bb6a-66 .kb-form .kadence-blocks-form-field .kb-text-style-field:focus, .kadence-form-2131_36bb6a-66 .kb-form .kadence-blocks-form-field .kb-select-style-field:focus{color:var(--global-palette3, #1A202C);background:var(--global-palette9, #ffffff);}.kadence-form-2131_36bb6a-66 .kb-form .kadence-blocks-form-field > label{font-weight:bold;}.kadence-form-2131_36bb6a-66 .kb-form .kadence-blocks-form-field .kb-forms-submit{color:var(--global-palette9, #ffffff);}.kadence-form-2131_36bb6a-66 .kb-form .kadence-blocks-form-field .kb-forms-submit{padding-top:4px;padding-right:16px;padding-bottom:4px;padding-left:16px;}.kb-form input.kadence-blocks-field.verify{opacity:0.0;position:absolute;top:0.0;left:0.0;width:0.0;height:0.0;z-index:-1;}<\/style>\n<div class=\"wp-block-kadence-form kadence-form-2131_36bb6a-66 kb-form-wrap\"><form class=\"kb-form\" action=\"\" method=\"post\" data-error-message=\"Donn\u00e9es obligatoire \" data-trp-original-action=\"\"><div class=\"kadence-blocks-form-field kb-field-desk-width-50 kb-input-size-standard\"><label for=\"kb_field_2131_36bb6a-66_0\">Nom et Pr\u00e9nom<span class=\"required\">*<\/span><\/label><input name=\"kb_field_0\" id=\"kb_field_2131_36bb6a-66_0\" data-label=\"Nom et Pr\u00e9nom\" type=\"text\" placeholder=\"\" value=\"\" data-type=\"text\" class=\"kb-field kb-text-style-field kb-text-field kb-field-0\" data-required=\"yes\" data-required-message=\"Non requiert\"\/><\/div><div class=\"kadence-blocks-form-field kb-form-field-1 kb-field-desk-width-50 kb-input-size-standard\"><label for=\"kb_field_2131_36bb6a-66_1\">Num\u00e9ro de t\u00e9l\u00e9phone<span class=\"required\">*<\/span><\/label><input name=\"kb_field_1\" id=\"kb_field_2131_36bb6a-66_1\" data-label=\"Num\u00e9ro de t\u00e9l\u00e9phone\" type=\"text\" placeholder=\"\" value=\"\" data-type=\"text\" class=\"kb-field kb-text-style-field kb-text-field kb-field-1\" data-required=\"yes\" data-required-message=\"T\u00e9l\u00e9phone requiert\"\/><\/div><div class=\"kadence-blocks-form-field kb-form-field-2 kb-field-desk-width-50 kb-input-size-standard\"><label for=\"kb_field_2131_36bb6a-66_2\">Email<span class=\"required\">*<\/span><\/label><input name=\"kb_field_2\" id=\"kb_field_2131_36bb6a-66_2\" data-label=\"Email\" type=\"email\" placeholder=\"\" value=\"\" data-type=\"email\" class=\"kb-field kb-text-style-field kb-email-field kb-field-2\" data-required=\"yes\" data-required-message=\"Email requiert \" data-validation-message=\"Email non valide\"\/><\/div><div class=\"kadence-blocks-form-field kb-form-field-3 kb-field-desk-width-50 kb-input-size-standard\"><label for=\"kb_field_2131_36bb6a-66_3\">A\u00e9roport<span class=\"required\">*<\/span><\/label><input name=\"kb_field_3\" id=\"kb_field_2131_36bb6a-66_3\" data-label=\"A\u00e9roport\" type=\"text\" placeholder=\"\" value=\"\" data-type=\"text\" class=\"kb-field kb-text-style-field kb-text-field kb-field-3\" data-required=\"yes\"\/><\/div><div class=\"kadence-blocks-form-field kb-form-field-4 kb-field-desk-width-100 kb-input-size-standard\"><label for=\"kb_field_2131_36bb6a-66_4\">Message<span class=\"required\">*<\/span><\/label><textarea name=\"kb_field_4\" id=\"kb_field_2131_36bb6a-66_4\" data-label=\"Message\" type=\"textarea\" placeholder=\"\" data-type=\"textarea\" class=\"kb-field kb-text-style-field kb-textarea-field kb-field-4\" rows=\"4\" data-required=\"yes\" data-required-message=\"Message requiert\"><\/textarea><\/div><input type=\"hidden\" name=\"_kb_form_id\" value=\"2131_36bb6a-66\"\/><input type=\"hidden\" name=\"_kb_form_post_id\" value=\"2131\"\/><input type=\"hidden\" name=\"action\" value=\"kb_process_ajax_submit\"\/><label class=\"kadence-verify-label\">Email<input class=\"kadence-blocks-field verify\" type=\"text\" name=\"_kb_verify_email\" autocomplete=\"new-password\" aria-hidden=\"true\" placeholder=\"Email\" tabindex=\"-1\" data-1p-ignore=\"true\" data-lpignore=\"true\" \/><\/label><div class=\"kadence-blocks-form-field kb-submit-field kb-field-desk-width-100\"><button class=\"kb-forms-submit button kb-button-size-custom kb-button-width-auto\">Send<\/button><\/div><input type=\"hidden\" name=\"trp-form-language\" value=\"en\"\/><\/form><\/div>\n<noscript><div class=\"kadence-blocks-form-message kadence-blocks-form-warning\">Please enable JavaScript in your browser to submit the form<\/div><style>.kadence-form-2131_36bb6a-66 .kadence-blocks-form-field.kb-submit-field { display: none; }<\/style><\/noscript><\/div><\/div>\n\n<\/div><\/div>\n\n<style>.wp-block-kadence-spacer.kt-block-spacer-2131_7327ae-3c .kt-block-spacer{height:60px;}.wp-block-kadence-spacer.kt-block-spacer-2131_7327ae-3c .kt-divider{border-top-width:1px;height:1px;border-top-color:#eee;width:80%;border-top-style:solid;}<\/style>\n<div class=\"wp-block-kadence-spacer aligncenter kt-block-spacer-2131_7327ae-3c\"><div class=\"kt-block-spacer kt-block-spacer-halign-center\"><hr class=\"kt-divider\"\/><\/div><\/div>","protected":false},"excerpt":{"rendered":"<p>\u00a0 Send a request<\/p>","protected":false},"author":1,"featured_media":0,"parent":0,"menu_order":0,"comment_status":"closed","ping_status":"closed","template":"","meta":{"_kadence_starter_templates_imported_post":true,"footnotes":""},"class_list":["post-2131","page","type-page","status-publish","hentry"],"yoast_head":"<!-- This site is optimized with the Yoast SEO plugin v27.3 - https:\/\/yoast.com\/product\/yoast-seo-wordpress\/ -->\n<title>Contact - Mon Valet<\/title>\n<meta name=\"robots\" content=\"index, follow, max-snippet:-1, max-image-preview:large, max-video-preview:-1\" \/>\n<link rel=\"canonical\" href=\"https:\/\/monvalet.com\/en\/contact\/\" \/>\n<meta property=\"og:locale\" content=\"en_US\" \/>\n<meta property=\"og:type\" content=\"article\" \/>\n<meta property=\"og:title\" content=\"Contact - Mon Valet\" \/>\n<meta property=\"og:description\" content=\"\u00a0 Envoyer une demande\" \/>\n<meta property=\"og:url\" content=\"https:\/\/monvalet.com\/en\/contact\/\" \/>\n<meta property=\"og:site_name\" content=\"Mon Valet\" \/>\n<meta property=\"article:modified_time\" content=\"2025-02-06T16:34:50+00:00\" \/>\n<meta name=\"twitter:card\" content=\"summary_large_image\" \/>\n<meta name=\"twitter:label1\" content=\"Est. reading time\" \/>\n\t<meta name=\"twitter:data1\" content=\"1 minute\" \/>\n<script type=\"application\/ld+json\" class=\"yoast-schema-graph\">{\"@context\":\"https:\\\/\\\/schema.org\",\"@graph\":[{\"@type\":\"WebPage\",\"@id\":\"https:\\\/\\\/monvalet.com\\\/contact\\\/\",\"url\":\"https:\\\/\\\/monvalet.com\\\/contact\\\/\",\"name\":\"Contact - Mon Valet\",\"isPartOf\":{\"@id\":\"https:\\\/\\\/monvalet.com\\\/#website\"},\"datePublished\":\"2020-12-21T08:37:38+00:00\",\"dateModified\":\"2025-02-06T16:34:50+00:00\",\"breadcrumb\":{\"@id\":\"https:\\\/\\\/monvalet.com\\\/contact\\\/#breadcrumb\"},\"inLanguage\":\"en-US\",\"potentialAction\":[{\"@type\":\"ReadAction\",\"target\":[\"https:\\\/\\\/monvalet.com\\\/contact\\\/\"]}]},{\"@type\":\"BreadcrumbList\",\"@id\":\"https:\\\/\\\/monvalet.com\\\/contact\\\/#breadcrumb\",\"itemListElement\":[{\"@type\":\"ListItem\",\"position\":1,\"name\":\"Accueil\",\"item\":\"https:\\\/\\\/monvalet.com\\\/\"},{\"@type\":\"ListItem\",\"position\":2,\"name\":\"Contact\"}]},{\"@type\":\"WebSite\",\"@id\":\"https:\\\/\\\/monvalet.com\\\/#website\",\"url\":\"https:\\\/\\\/monvalet.com\\\/\",\"name\":\"Mon Valet\",\"description\":\"Commencer votre voyage avec nous ! Partagez votre parking quand vous ne l\u2019utilisez pas et gagnez en moyenne par 800$ mois Revenus moyens par mois gr\u00e2ce \u00e0 Monvalet, la plus grande plateforme de parkingpartage au monde.\",\"publisher\":{\"@id\":\"https:\\\/\\\/monvalet.com\\\/#organization\"},\"potentialAction\":[{\"@type\":\"SearchAction\",\"target\":{\"@type\":\"EntryPoint\",\"urlTemplate\":\"https:\\\/\\\/monvalet.com\\\/?s={search_term_string}\"},\"query-input\":{\"@type\":\"PropertyValueSpecification\",\"valueRequired\":true,\"valueName\":\"search_term_string\"}}],\"inLanguage\":\"en-US\"},{\"@type\":\"Organization\",\"@id\":\"https:\\\/\\\/monvalet.com\\\/#organization\",\"name\":\"Mon valet\",\"url\":\"https:\\\/\\\/monvalet.com\\\/\",\"logo\":{\"@type\":\"ImageObject\",\"inLanguage\":\"en-US\",\"@id\":\"https:\\\/\\\/monvalet.com\\\/#\\\/schema\\\/logo\\\/image\\\/\",\"url\":\"https:\\\/\\\/monvalet.com\\\/wp-content\\\/uploads\\\/2021\\\/10\\\/cropped-Mon-valet-4-1.png\",\"contentUrl\":\"https:\\\/\\\/monvalet.com\\\/wp-content\\\/uploads\\\/2021\\\/10\\\/cropped-Mon-valet-4-1.png\",\"width\":512,\"height\":512,\"caption\":\"Mon valet\"},\"image\":{\"@id\":\"https:\\\/\\\/monvalet.com\\\/#\\\/schema\\\/logo\\\/image\\\/\"}}]}<\/script>\n<!-- \/ Yoast SEO plugin. -->","yoast_head_json":{"title":"Contact - Mon Valet","robots":{"index":"index","follow":"follow","max-snippet":"max-snippet:-1","max-image-preview":"max-image-preview:large","max-video-preview":"max-video-preview:-1"},"canonical":"https:\/\/monvalet.com\/en\/contact\/","og_locale":"en_US","og_type":"article","og_title":"Contact - Mon Valet","og_description":"\u00a0 Envoyer une demande","og_url":"https:\/\/monvalet.com\/en\/contact\/","og_site_name":"Mon Valet","article_modified_time":"2025-02-06T16:34:50+00:00","twitter_card":"summary_large_image","twitter_misc":{"Est. reading time":"1 minute"},"schema":{"@context":"https:\/\/schema.org","@graph":[{"@type":"WebPage","@id":"https:\/\/monvalet.com\/contact\/","url":"https:\/\/monvalet.com\/contact\/","name":"Contact - Mon Valet","isPartOf":{"@id":"https:\/\/monvalet.com\/#website"},"datePublished":"2020-12-21T08:37:38+00:00","dateModified":"2025-02-06T16:34:50+00:00","breadcrumb":{"@id":"https:\/\/monvalet.com\/contact\/#breadcrumb"},"inLanguage":"en-US","potentialAction":[{"@type":"ReadAction","target":["https:\/\/monvalet.com\/contact\/"]}]},{"@type":"BreadcrumbList","@id":"https:\/\/monvalet.com\/contact\/#breadcrumb","itemListElement":[{"@type":"ListItem","position":1,"name":"Accueil","item":"https:\/\/monvalet.com\/"},{"@type":"ListItem","position":2,"name":"Contact"}]},{"@type":"WebSite","@id":"https:\/\/monvalet.com\/#website","url":"https:\/\/monvalet.com\/","name":"Mon Valet","description":"Commencer votre voyage avec nous ! Partagez votre parking quand vous ne l\u2019utilisez pas et gagnez en moyenne par 800$ mois Revenus moyens par mois gr\u00e2ce \u00e0 Monvalet, la plus grande plateforme de parkingpartage au monde.","publisher":{"@id":"https:\/\/monvalet.com\/#organization"},"potentialAction":[{"@type":"SearchAction","target":{"@type":"EntryPoint","urlTemplate":"https:\/\/monvalet.com\/?s={search_term_string}"},"query-input":{"@type":"PropertyValueSpecification","valueRequired":true,"valueName":"search_term_string"}}],"inLanguage":"en-US"},{"@type":"Organization","@id":"https:\/\/monvalet.com\/#organization","name":"Mon valet","url":"https:\/\/monvalet.com\/","logo":{"@type":"ImageObject","inLanguage":"en-US","@id":"https:\/\/monvalet.com\/#\/schema\/logo\/image\/","url":"https:\/\/monvalet.com\/wp-content\/uploads\/2021\/10\/cropped-Mon-valet-4-1.png","contentUrl":"https:\/\/monvalet.com\/wp-content\/uploads\/2021\/10\/cropped-Mon-valet-4-1.png","width":512,"height":512,"caption":"Mon valet"},"image":{"@id":"https:\/\/monvalet.com\/#\/schema\/logo\/image\/"}}]}},"_links":{"self":[{"href":"https:\/\/monvalet.com\/en\/wp-json\/wp\/v2\/pages\/2131","targetHints":{"allow":["GET"]}}],"collection":[{"href":"https:\/\/monvalet.com\/en\/wp-json\/wp\/v2\/pages"}],"about":[{"href":"https:\/\/monvalet.com\/en\/wp-json\/wp\/v2\/types\/page"}],"author":[{"embeddable":true,"href":"https:\/\/monvalet.com\/en\/wp-json\/wp\/v2\/users\/1"}],"replies":[{"embeddable":true,"href":"https:\/\/monvalet.com\/en\/wp-json\/wp\/v2\/comments?post=2131"}],"version-history":[{"count":27,"href":"https:\/\/monvalet.com\/en\/wp-json\/wp\/v2\/pages\/2131\/revisions"}],"predecessor-version":[{"id":4907,"href":"https:\/\/monvalet.com\/en\/wp-json\/wp\/v2\/pages\/2131\/revisions\/4907"}],"wp:attachment":[{"href":"https:\/\/monvalet.com\/en\/wp-json\/wp\/v2\/media?parent=2131"}],"curies":[{"name":"wp","href":"https:\/\/api.w.org\/{rel}","templated":true}]}}