{"id":2593,"date":"2023-01-25T08:47:03","date_gmt":"2023-01-25T08:47:03","guid":{"rendered":"https:\/\/valetex.preyantechnosys.com\/?page_id=2593"},"modified":"2023-01-25T08:47:03","modified_gmt":"2023-01-25T08:47:03","slug":"our-team","status":"publish","type":"page","link":"https:\/\/monvalet.com\/en\/our-team\/","title":{"rendered":"Our Team"},"content":{"rendered":"<div data-elementor-type=\"wp-page\" data-elementor-id=\"2593\" class=\"elementor elementor-2593\">\n\t\t\t\t\t\t<section class=\"elementor-section elementor-top-section elementor-element elementor-element-083ccff elementor-section-stretched prt-column-break-ipad-no prt-col-stretched-none elementor-section-boxed elementor-section-height-default elementor-section-height-default\" data-id=\"083ccff\" data-element_type=\"section\" data-e-type=\"section\" data-settings=\"{&quot;stretch_section&quot;:&quot;section-stretched&quot;}\">\n\t\t\t\t\t\t<div class=\"elementor-container elementor-column-gap-no\">\n\t\t\t\t\t<div class=\"elementor-column elementor-col-100 elementor-top-column elementor-element elementor-element-d6ea9cf\" data-id=\"d6ea9cf\" data-element_type=\"column\" data-e-type=\"column\">\n\t\t\t<div class=\"elementor-widget-wrap elementor-element-populated\">\n\t\t\t\t\t\t<div class=\"elementor-element elementor-element-7f0486d tm-2column-767px prt-align-left elementor-widget elementor-widget-tm_team_element\" data-id=\"7f0486d\" data-element_type=\"widget\" data-e-type=\"widget\" data-widget_type=\"tm_team_element.default\">\n\t\t\t\t<div class=\"elementor-widget-container\">\n\t\t\t\t\t<div class=\"preyantechnosys-boxes preyantechnosys-boxes-team preyantechnosys-element-teambox-style2 preyantechnosys-boxes-view-default preyantechnosys-boxes-col-four preyantechnosys-boxes-gap-30px\" data-prt-show=\"8\" data-prt-loop=\"1\" data-prt-rtl=\"false\" data-prt-cssease=\"ease\" data-prt-autoplay=\"0\" data-prt-centermode=\"0\" data-prt-centerpadding=\"800\" data-prt-nav=\"\" data-prt-dots=\"\" data-prt-slidestoscroll=\"\" data-prt-autoplayspeed=\"4500\" data-prt-speed=\"2500\" data-prt-margin=\"30px\"><div class=\"preyantechnosys-boxes-inner\">\n\t\t\t<div class=\"preyantechnosys-box-heading-wrapper prt-boxwithout-heading\">\n\t\t\t\t<div class=\"prt-element-heading-content-wrapper left-align  prt-seperator-none  prt-heading-style-vertical\"><div class=\"prt-content-header\"><\/div><\/div>\t\t\t\t\t\t\t<\/div>\n\n\t\t\t<div class=\"preyantechnosys-boxes-row-wrapper row multi-columns-row\">\n\n\t\t\t<div class=\"prt-box-col-wrapper  canada col-lg-3 col-sm-6 col-md-3 col-xs-12\"><article class=\"preyantechnosys-box preyantechnosys-box-team preyantechnosys-teambox-style2\">\n\t<div class=\"preyantechnosys-post-item\">\t\n\t<div class=\"preyantechnosys-content-inner\">\n\t\t\t<div class=\"preyantechnosys-team-image-box\">\n\t\t\t\n\t\t<span class=\"preyantechnosys-item-thumbnail\">\n\t\t\t<span class=\"preyantechnosys-item-thumbnail-inner\">\n\t\t\t\t<img fetchpriority=\"high\" decoding=\"async\" width=\"360\" height=\"360\" src=\"https:\/\/monvalet.com\/wp-content\/uploads\/2023\/01\/AEROPORT-360-x-360-px.png\" class=\"attachment-preyantechnosys-img-team-member size-preyantechnosys-img-team-member wp-post-image\" alt=\"\" srcset=\"https:\/\/monvalet.com\/wp-content\/uploads\/2023\/01\/AEROPORT-360-x-360-px.png 360w, https:\/\/monvalet.com\/wp-content\/uploads\/2023\/01\/AEROPORT-360-x-360-px-300x300.png 300w, https:\/\/monvalet.com\/wp-content\/uploads\/2023\/01\/AEROPORT-360-x-360-px-150x150.png 150w, https:\/\/monvalet.com\/wp-content\/uploads\/2023\/01\/AEROPORT-360-x-360-px-12x12.png 12w\" sizes=\"(max-width: 360px) 100vw, 360px\" data-id=\"4876\" \/>\n\t\t\t<\/span>\n\t\t<\/span>\t\n\t\t\t\t\n\t\t\t\t<div class=\"prt-member-social\">\n\t\t\t\t\t<div class=\"preyantechnosys-team-icon\"><i class=\"prt-valetex-icon-plus-1\"><\/i><\/div>\n\t\t\t\t\t\t<div class=\"preyantechnosys-box-social-links\"><\/div>\n\t\t\t\t<\/div>\n\t\t\t\t\n\t\t\t<\/div>\n\t\t<\/div>\t\n\t\t<div class=\"preyantechnosys-box-content\">\n\t\t\t<div class=\"preyantechnosys-innercontent-box\">\t\t\t\n\t\t\t\t<div class=\"preyantechnosys-team-position\">\n\t\t\t\t\t\t<div class=\"preyantechnosys-box-title\"><h4><a href=\"https:\/\/monvalet.com\/en\/team-member\/yul\/\">A\u00e9roport International Montr\u00e9al-Trudeau<\/a><\/h4><\/div>\t\n\t\t\t\t\t<div class=\"prt-position\">\t\t\t\t\t\n\t\t\t\t\t<\/div>\n\t\t\t\t<\/div>\n\t\t\t<\/div>\t\t\t\t\t\t\t\t\t\t\n\t\t<\/div>\t\n\t\t\t\n\t<\/div>\n<\/article><\/div><div class=\"prt-box-col-wrapper  canada col-lg-3 col-sm-6 col-md-3 col-xs-12\"><article class=\"preyantechnosys-box preyantechnosys-box-team preyantechnosys-teambox-style2\">\n\t<div class=\"preyantechnosys-post-item\">\t\n\t<div class=\"preyantechnosys-content-inner\">\n\t\t\t<div class=\"preyantechnosys-team-image-box\">\n\t\t\t\n\t\t<span class=\"preyantechnosys-item-thumbnail\">\n\t\t\t<span class=\"preyantechnosys-item-thumbnail-inner\">\n\t\t\t\t<img decoding=\"async\" width=\"360\" height=\"360\" src=\"https:\/\/monvalet.com\/wp-content\/uploads\/2023\/01\/AEROPORT-360-x-360-px-1.png\" class=\"attachment-preyantechnosys-img-team-member size-preyantechnosys-img-team-member wp-post-image\" alt=\"\" srcset=\"https:\/\/monvalet.com\/wp-content\/uploads\/2023\/01\/AEROPORT-360-x-360-px-1.png 360w, https:\/\/monvalet.com\/wp-content\/uploads\/2023\/01\/AEROPORT-360-x-360-px-1-300x300.png 300w, https:\/\/monvalet.com\/wp-content\/uploads\/2023\/01\/AEROPORT-360-x-360-px-1-150x150.png 150w, https:\/\/monvalet.com\/wp-content\/uploads\/2023\/01\/AEROPORT-360-x-360-px-1-12x12.png 12w\" sizes=\"(max-width: 360px) 100vw, 360px\" data-id=\"4877\" \/>\n\t\t\t<\/span>\n\t\t<\/span>\t\n\t\t\t\t\n\t\t\t\t<div class=\"prt-member-social\">\n\t\t\t\t\t<div class=\"preyantechnosys-team-icon\"><i class=\"prt-valetex-icon-plus-1\"><\/i><\/div>\n\t\t\t\t\t\t<div class=\"preyantechnosys-box-social-links\"><\/div>\n\t\t\t\t<\/div>\n\t\t\t\t\n\t\t\t<\/div>\n\t\t<\/div>\t\n\t\t<div class=\"preyantechnosys-box-content\">\n\t\t\t<div class=\"preyantechnosys-innercontent-box\">\t\t\t\n\t\t\t\t<div class=\"preyantechnosys-team-position\">\n\t\t\t\t\t\t<div class=\"preyantechnosys-box-title\"><h4><a href=\"https:\/\/monvalet.com\/en\/team-member\/sainthubert\/\">A\u00e9roport International de Saint-hubert<\/a><\/h4><\/div>\t\n\t\t\t\t\t<div class=\"prt-position\">\t\t\t\t\t\n\t\t\t\t\t<\/div>\n\t\t\t\t<\/div>\n\t\t\t<\/div>\t\t\t\t\t\t\t\t\t\t\n\t\t<\/div>\t\n\t\t\t\n\t<\/div>\n<\/article><\/div>\n\t\t\t<\/div>\n\n\t\t\t<\/div><!-- .preyantechnosys-boxes-inner -->   <\/div><!-- .preyantechnosys-boxes -->  \t\t\t\t<\/div>\n\t\t\t\t<\/div>\n\t\t\t\t\t<\/div>\n\t\t<\/div>\n\t\t\t\t\t<\/div>\n\t\t<\/section>\n\t\t\t\t<section class=\"elementor-section elementor-top-section elementor-element elementor-element-42739f5 prt-bgcolor-grey elementor-section-stretched prt-column-break-ipad-no prt-col-stretched-none elementor-section-boxed elementor-section-height-default elementor-section-height-default\" data-id=\"42739f5\" data-element_type=\"section\" data-e-type=\"section\" data-settings=\"{&quot;stretch_section&quot;:&quot;section-stretched&quot;}\">\n\t\t\t\t\t\t<div class=\"elementor-container elementor-column-gap-no\">\n\t\t\t\t\t<div class=\"elementor-column elementor-col-100 elementor-top-column elementor-element elementor-element-339f58e\" data-id=\"339f58e\" data-element_type=\"column\" data-e-type=\"column\">\n\t\t\t<div class=\"elementor-widget-wrap elementor-element-populated\">\n\t\t\t\t\t\t<div class=\"elementor-element elementor-element-3df08a9 tm-vertical-slide prt-align-left elementor-widget elementor-widget-tm_testimonial_element\" data-id=\"3df08a9\" data-element_type=\"widget\" data-e-type=\"widget\" data-widget_type=\"tm_testimonial_element.default\">\n\t\t\t\t<div class=\"elementor-widget-container\">\n\t\t\t\t\t<div class=\"preyantechnosys-boxes preyantechnosys-boxes-testimonial preyantechnosys-element-testimonialbox-style-1 preyantechnosys-boxes-view-carousel preyantechnosys-boxes-col-one prt-boxes-carousel-arrow-square prt-boxes-carousel-arrows-1 preyantechnosys-boxes-gap-30px\" data-prt-show=\"3\" data-prt-loop=\"1\" data-prt-rtl=\"false\" data-prt-cssease=\"ease\" data-prt-autoplay=\"0\" data-prt-centermode=\"0\" data-prt-centerpadding=\"800\" data-prt-nav=\"1\" data-prt-dots=\"\" data-prt-slidestoscroll=\"1\" data-prt-autoplayspeed=\"4500\" data-prt-speed=\"2500\" data-prt-margin=\"30px\"><div class=\"preyantechnosys-boxes-inner\">\n\t\t\t<div class=\"preyantechnosys-box-heading-wrapper prt-boxwithout-heading\">\n\t\t\t\t<div class=\"prt-element-heading-content-wrapper left-align  prt-seperator-none  prt-heading-style-vertical\"><div class=\"prt-content-header\"><\/div><\/div>\t\t\t<\/div>\n\n\t\t\t<div class=\"preyantechnosys-boxes-row-wrapper row multi-columns-row\">\n\n\t\t\t<div class=\"prt-box-col-wrapper   col-lg-12 col-sm-12 col-md-12 col-xs-12\"><article class=\"preyantechnosys-box preyantechnosys-box-testimonial preyantechnosys-testimonialbox-styleone\">\n\t<div class=\"preyantechnosys-post-item\">\n\t\t<div class=\"preyantechnosys-box-desc\">\n\t\t\t<blockquote class=\"preyantechnosys-testimonial-text\">Merci beaucoup de m'avoir fourni cette excellent service de voiturier !<\/blockquote>\n\t\t<\/div>\n\t\t\n\t\t<div class=\"preyantechnosys-box-content\">\n\t\t\t<div class=\"prt-box-footer\">\t\t\t    \n\t\t\t\t<div class=\"preyantechnosys-box-title\"><h3 class=\"preyantechnosys-author-name\">Peter Daniels<\/h3><span class=\"preyantechnosys-box-footer\">Manager<\/span><\/div>\n\t\t\t<\/div>\t\n\t\t<\/div>\n\t<\/div>\n<\/article><\/div><div class=\"prt-box-col-wrapper   col-lg-12 col-sm-12 col-md-12 col-xs-12\"><article class=\"preyantechnosys-box preyantechnosys-box-testimonial preyantechnosys-testimonialbox-styleone\">\n\t<div class=\"preyantechnosys-post-item\">\n\t\t<div class=\"preyantechnosys-box-desc\">\n\t\t\t<blockquote class=\"preyantechnosys-testimonial-text\">Super service, ponctualit\u00e9 , gentillesse. Merci beaucoup<\/blockquote>\n\t\t<\/div>\n\t\t\n\t\t<div class=\"preyantechnosys-box-content\">\n\t\t\t<div class=\"prt-box-footer\">\t\t\t    \n\t\t\t\t<div class=\"preyantechnosys-box-title\"><h3 class=\"preyantechnosys-author-name\">Sofia Dylan<\/h3><span class=\"preyantechnosys-box-footer\">Businessman<\/span><\/div>\n\t\t\t<\/div>\t\n\t\t<\/div>\n\t<\/div>\n<\/article><\/div><div class=\"prt-box-col-wrapper   col-lg-12 col-sm-12 col-md-12 col-xs-12\"><article class=\"preyantechnosys-box preyantechnosys-box-testimonial preyantechnosys-testimonialbox-styleone\">\n\t<div class=\"preyantechnosys-post-item\">\n\t\t<div class=\"preyantechnosys-box-desc\">\n\t\t\t<blockquote class=\"preyantechnosys-testimonial-text\">Super service. Vraiment tr\u00e8s pratique et rapide. Tr\u00e8s courtois et poli. Nous avons eu un d\u00e9lais pour le retour, Mon valet \u00e0 bien g\u00e9rer la situation ,notre vol \u00e9tait le lendemain et \u00e7a n\u2019a pas caus\u00e9 de probl\u00e8me,ce fut simple \u00e0 r\u00e9gler.vraiment je recommande.<\/blockquote>\n\t\t<\/div>\n\t\t\n\t\t<div class=\"preyantechnosys-box-content\">\n\t\t\t<div class=\"prt-box-footer\">\t\t\t    \n\t\t\t\t<div class=\"preyantechnosys-box-title\"><h3 class=\"preyantechnosys-author-name\">Joel Elliott<\/h3><span class=\"preyantechnosys-box-footer\">Chairman and founder<\/span><\/div>\n\t\t\t<\/div>\t\n\t\t<\/div>\n\t<\/div>\n<\/article><\/div>\n\t\t\t<\/div>\n\n\t\t\t<\/div><!-- .preyantechnosys-boxes-inner -->   <\/div><!-- .preyantechnosys-boxes -->  \t\t\t\t<\/div>\n\t\t\t\t<\/div>\n\t\t\t\t\t<\/div>\n\t\t<\/div>\n\t\t\t\t\t<\/div>\n\t\t<\/section>\n\t\t\t\t<\/div>","protected":false},"excerpt":{"rendered":"<p>Facebook Twitter Vimeo LinkedIn Kedin jones Junior counsel Facebook Twitter Vimeo LinkedIn Jack skelly Operation manager Facebook Twitter Vimeo LinkedIn Amelia Daniel Executive assistant Facebook Twitter Vimeo LinkedIn Jack Martin Operation manager Facebook Twitter Vimeo LinkedIn Kristal Leo Junior counsel Facebook Twitter Vimeo LinkedIn Alena John Accounting manager Facebook Twitter Vimeo LinkedIn Jessica Brown Organizer &hellip; <a href=\"https:\/\/monvalet.com\/en\/testimonial\/joel-elliott\/\" class=\"more-link\">Continue reading <span class=\"screen-reader-text\">Joel Elliott<\/span><\/a><\/p>","protected":false},"author":1,"featured_media":0,"parent":0,"menu_order":0,"comment_status":"closed","ping_status":"closed","template":"","meta":{"_kadence_starter_templates_imported_post":false,"footnotes":""},"class_list":["post-2593","page","type-page","status-publish","hentry"],"yoast_head":"<!-- This site is optimized with the Yoast SEO plugin v27.4 - https:\/\/yoast.com\/product\/yoast-seo-wordpress\/ -->\n<title>Our Team - Mon Valet<\/title>\n<meta name=\"robots\" content=\"index, follow, max-snippet:-1, max-image-preview:large, max-video-preview:-1\" \/>\n<link rel=\"canonical\" href=\"https:\/\/monvalet.com\/en\/our-team\/\" \/>\n<meta property=\"og:locale\" content=\"en_US\" \/>\n<meta property=\"og:type\" content=\"article\" \/>\n<meta property=\"og:title\" content=\"Our Team - Mon Valet\" \/>\n<meta property=\"og:description\" content=\"Facebook Twitter Vimeo LinkedIn Kedin jones Junior counsel Facebook Twitter Vimeo LinkedIn Jack skelly Operation manager Facebook Twitter Vimeo LinkedIn Amelia Daniel Executive assistant Facebook Twitter Vimeo LinkedIn Jack Martin Operation manager Facebook Twitter Vimeo LinkedIn Kristal Leo Junior counsel Facebook Twitter Vimeo LinkedIn Alena John Accounting manager Facebook Twitter Vimeo LinkedIn Jessica Brown Organizer &hellip; Continue reading Joel Elliott\" \/>\n<meta property=\"og:url\" content=\"https:\/\/monvalet.com\/en\/our-team\/\" \/>\n<meta property=\"og:site_name\" content=\"Mon Valet\" \/>\n<meta property=\"og:image\" content=\"https:\/\/valetex.preyantechnosys.com\/datasite\/wp-content\/uploads\/sites\/4\/2023\/02\/t7-380x460.jpg\" \/>\n<meta name=\"twitter:card\" content=\"summary_large_image\" \/>\n<script type=\"application\/ld+json\" class=\"yoast-schema-graph\">{\"@context\":\"https:\\\/\\\/schema.org\",\"@graph\":[{\"@type\":\"WebPage\",\"@id\":\"https:\\\/\\\/monvalet.com\\\/our-team\\\/\",\"url\":\"https:\\\/\\\/monvalet.com\\\/our-team\\\/\",\"name\":\"Our Team - Mon Valet\",\"isPartOf\":{\"@id\":\"https:\\\/\\\/monvalet.com\\\/#website\"},\"primaryImageOfPage\":{\"@id\":\"https:\\\/\\\/monvalet.com\\\/our-team\\\/#primaryimage\"},\"image\":{\"@id\":\"https:\\\/\\\/monvalet.com\\\/our-team\\\/#primaryimage\"},\"thumbnailUrl\":\"https:\\\/\\\/valetex.preyantechnosys.com\\\/datasite\\\/wp-content\\\/uploads\\\/sites\\\/4\\\/2023\\\/02\\\/t7-380x460.jpg\",\"datePublished\":\"2023-01-25T08:47:03+00:00\",\"breadcrumb\":{\"@id\":\"https:\\\/\\\/monvalet.com\\\/our-team\\\/#breadcrumb\"},\"inLanguage\":\"en-US\",\"potentialAction\":[{\"@type\":\"ReadAction\",\"target\":[\"https:\\\/\\\/monvalet.com\\\/our-team\\\/\"]}]},{\"@type\":\"ImageObject\",\"inLanguage\":\"en-US\",\"@id\":\"https:\\\/\\\/monvalet.com\\\/our-team\\\/#primaryimage\",\"url\":\"https:\\\/\\\/valetex.preyantechnosys.com\\\/datasite\\\/wp-content\\\/uploads\\\/sites\\\/4\\\/2023\\\/02\\\/t7-380x460.jpg\",\"contentUrl\":\"https:\\\/\\\/valetex.preyantechnosys.com\\\/datasite\\\/wp-content\\\/uploads\\\/sites\\\/4\\\/2023\\\/02\\\/t7-380x460.jpg\"},{\"@type\":\"BreadcrumbList\",\"@id\":\"https:\\\/\\\/monvalet.com\\\/our-team\\\/#breadcrumb\",\"itemListElement\":[{\"@type\":\"ListItem\",\"position\":1,\"name\":\"Accueil\",\"item\":\"https:\\\/\\\/monvalet.com\\\/\"},{\"@type\":\"ListItem\",\"position\":2,\"name\":\"Our Team\"}]},{\"@type\":\"WebSite\",\"@id\":\"https:\\\/\\\/monvalet.com\\\/#website\",\"url\":\"https:\\\/\\\/monvalet.com\\\/\",\"name\":\"Mon Valet\",\"description\":\"Commencer votre voyage avec nous ! Partagez votre parking quand vous ne l\u2019utilisez pas et gagnez en moyenne par 800$ mois Revenus moyens par mois gr\u00e2ce \u00e0 Monvalet, la plus grande plateforme de parkingpartage au monde.\",\"publisher\":{\"@id\":\"https:\\\/\\\/monvalet.com\\\/#organization\"},\"potentialAction\":[{\"@type\":\"SearchAction\",\"target\":{\"@type\":\"EntryPoint\",\"urlTemplate\":\"https:\\\/\\\/monvalet.com\\\/?s={search_term_string}\"},\"query-input\":{\"@type\":\"PropertyValueSpecification\",\"valueRequired\":true,\"valueName\":\"search_term_string\"}}],\"inLanguage\":\"en-US\"},{\"@type\":\"Organization\",\"@id\":\"https:\\\/\\\/monvalet.com\\\/#organization\",\"name\":\"Mon valet\",\"url\":\"https:\\\/\\\/monvalet.com\\\/\",\"logo\":{\"@type\":\"ImageObject\",\"inLanguage\":\"en-US\",\"@id\":\"https:\\\/\\\/monvalet.com\\\/#\\\/schema\\\/logo\\\/image\\\/\",\"url\":\"https:\\\/\\\/monvalet.com\\\/wp-content\\\/uploads\\\/2021\\\/10\\\/cropped-Mon-valet-4-1.png\",\"contentUrl\":\"https:\\\/\\\/monvalet.com\\\/wp-content\\\/uploads\\\/2021\\\/10\\\/cropped-Mon-valet-4-1.png\",\"width\":512,\"height\":512,\"caption\":\"Mon valet\"},\"image\":{\"@id\":\"https:\\\/\\\/monvalet.com\\\/#\\\/schema\\\/logo\\\/image\\\/\"}}]}<\/script>\n<!-- \/ Yoast SEO plugin. -->","yoast_head_json":{"title":"Our Team - Mon Valet","robots":{"index":"index","follow":"follow","max-snippet":"max-snippet:-1","max-image-preview":"max-image-preview:large","max-video-preview":"max-video-preview:-1"},"canonical":"https:\/\/monvalet.com\/en\/our-team\/","og_locale":"en_US","og_type":"article","og_title":"Our Team - Mon Valet","og_description":"Facebook Twitter Vimeo LinkedIn Kedin jones Junior counsel Facebook Twitter Vimeo LinkedIn Jack skelly Operation manager Facebook Twitter Vimeo LinkedIn Amelia Daniel Executive assistant Facebook Twitter Vimeo LinkedIn Jack Martin Operation manager Facebook Twitter Vimeo LinkedIn Kristal Leo Junior counsel Facebook Twitter Vimeo LinkedIn Alena John Accounting manager Facebook Twitter Vimeo LinkedIn Jessica Brown Organizer &hellip; Continue reading Joel Elliott","og_url":"https:\/\/monvalet.com\/en\/our-team\/","og_site_name":"Mon Valet","og_image":[{"url":"https:\/\/valetex.preyantechnosys.com\/datasite\/wp-content\/uploads\/sites\/4\/2023\/02\/t7-380x460.jpg","type":"","width":"","height":""}],"twitter_card":"summary_large_image","schema":{"@context":"https:\/\/schema.org","@graph":[{"@type":"WebPage","@id":"https:\/\/monvalet.com\/our-team\/","url":"https:\/\/monvalet.com\/our-team\/","name":"Our Team - Mon Valet","isPartOf":{"@id":"https:\/\/monvalet.com\/#website"},"primaryImageOfPage":{"@id":"https:\/\/monvalet.com\/our-team\/#primaryimage"},"image":{"@id":"https:\/\/monvalet.com\/our-team\/#primaryimage"},"thumbnailUrl":"https:\/\/valetex.preyantechnosys.com\/datasite\/wp-content\/uploads\/sites\/4\/2023\/02\/t7-380x460.jpg","datePublished":"2023-01-25T08:47:03+00:00","breadcrumb":{"@id":"https:\/\/monvalet.com\/our-team\/#breadcrumb"},"inLanguage":"en-US","potentialAction":[{"@type":"ReadAction","target":["https:\/\/monvalet.com\/our-team\/"]}]},{"@type":"ImageObject","inLanguage":"en-US","@id":"https:\/\/monvalet.com\/our-team\/#primaryimage","url":"https:\/\/valetex.preyantechnosys.com\/datasite\/wp-content\/uploads\/sites\/4\/2023\/02\/t7-380x460.jpg","contentUrl":"https:\/\/valetex.preyantechnosys.com\/datasite\/wp-content\/uploads\/sites\/4\/2023\/02\/t7-380x460.jpg"},{"@type":"BreadcrumbList","@id":"https:\/\/monvalet.com\/our-team\/#breadcrumb","itemListElement":[{"@type":"ListItem","position":1,"name":"Accueil","item":"https:\/\/monvalet.com\/"},{"@type":"ListItem","position":2,"name":"Our Team"}]},{"@type":"WebSite","@id":"https:\/\/monvalet.com\/#website","url":"https:\/\/monvalet.com\/","name":"Mon Valet","description":"Commencer votre voyage avec nous ! Partagez votre parking quand vous ne l\u2019utilisez pas et gagnez en moyenne par 800$ mois Revenus moyens par mois gr\u00e2ce \u00e0 Monvalet, la plus grande plateforme de parkingpartage au monde.","publisher":{"@id":"https:\/\/monvalet.com\/#organization"},"potentialAction":[{"@type":"SearchAction","target":{"@type":"EntryPoint","urlTemplate":"https:\/\/monvalet.com\/?s={search_term_string}"},"query-input":{"@type":"PropertyValueSpecification","valueRequired":true,"valueName":"search_term_string"}}],"inLanguage":"en-US"},{"@type":"Organization","@id":"https:\/\/monvalet.com\/#organization","name":"Mon valet","url":"https:\/\/monvalet.com\/","logo":{"@type":"ImageObject","inLanguage":"en-US","@id":"https:\/\/monvalet.com\/#\/schema\/logo\/image\/","url":"https:\/\/monvalet.com\/wp-content\/uploads\/2021\/10\/cropped-Mon-valet-4-1.png","contentUrl":"https:\/\/monvalet.com\/wp-content\/uploads\/2021\/10\/cropped-Mon-valet-4-1.png","width":512,"height":512,"caption":"Mon valet"},"image":{"@id":"https:\/\/monvalet.com\/#\/schema\/logo\/image\/"}}]}},"_links":{"self":[{"href":"https:\/\/monvalet.com\/en\/wp-json\/wp\/v2\/pages\/2593","targetHints":{"allow":["GET"]}}],"collection":[{"href":"https:\/\/monvalet.com\/en\/wp-json\/wp\/v2\/pages"}],"about":[{"href":"https:\/\/monvalet.com\/en\/wp-json\/wp\/v2\/types\/page"}],"author":[{"embeddable":true,"href":"https:\/\/monvalet.com\/en\/wp-json\/wp\/v2\/users\/1"}],"replies":[{"embeddable":true,"href":"https:\/\/monvalet.com\/en\/wp-json\/wp\/v2\/comments?post=2593"}],"version-history":[{"count":0,"href":"https:\/\/monvalet.com\/en\/wp-json\/wp\/v2\/pages\/2593\/revisions"}],"wp:attachment":[{"href":"https:\/\/monvalet.com\/en\/wp-json\/wp\/v2\/media?parent=2593"}],"curies":[{"name":"wp","href":"https:\/\/api.w.org\/{rel}","templated":true}]}}