{"id":2813,"date":"2021-10-01T15:42:52","date_gmt":"2021-10-01T13:42:52","guid":{"rendered":"http:\/\/monvalet.com\/?page_id=2813"},"modified":"2021-10-01T20:30:12","modified_gmt":"2021-10-01T18:30:12","slug":"mentions-legales","status":"publish","type":"page","link":"https:\/\/monvalet.com\/en\/mentions-legales\/","title":{"rendered":"Legal Notice"},"content":{"rendered":"<p><\/p>\n\n\n\n<h2 class=\"wp-block-heading\">1 &#8211; INFORMATIONS L\u00c9GALES<\/h2>\n\n\n\n<p><\/p>\n\n\n\n<ul class=\"wp-block-list\"><li>Le pr\u00e9sent site est \u00e9dit\u00e9 par la ASED INC (MON Valet) &#8211;\u00a0Num\u00e9ro d\u2019entreprise du Qu\u00e9bec (NEQ) 1175612507, ayant son si\u00e8ge social 290 rue taggart, j4v2y5 Greenfield Park, ayant pour num\u00e9ro Taxe de vente du Qu\u00e9bec :1227644563TQ0001 . Taxe sur les produits et services : 722096872RT0001<\/li><li>R\u00e9alisation du site internet : ASED inc<\/li><li>Prestataire assurant le stockage direct et permanent : Hostinger.<\/li><\/ul>\n\n\n\n<h2 class=\"wp-block-heading\">2 &#8211; LIMITATION DE RESPONSABILIT\u00c9<\/h2>\n\n\n\n<p>L&rsquo;utilisateur reconna\u00eet avoir pris connaissance des pr\u00e9sentes conditions d&rsquo;utilisation et s&rsquo;engage \u00e0 les respecter. L&rsquo;utilisateur du site internet www.monvalet.com reconna\u00eet disposer de la comp\u00e9tence et des moyens n\u00e9cessaires pour acc\u00e9der et utiliser ce site. Les informations fournies par  www.monvalet.com  le sont \u00e0 titre indicatif et ne sauraient dispenser l&rsquo;utilisateur d&rsquo;une analyse compl\u00e9mentaire et personnalis\u00e9e.  www.monvalet.com  ne saurait garantir l&rsquo;exactitude, la compl\u00e9tude, l&rsquo;actualit\u00e9 des informations diffus\u00e9es sur son site. En cons\u00e9quence, l&rsquo;utilisateur reconna\u00eet utiliser ces informations sous sa responsabilit\u00e9 exclusive.<\/p>\n\n\n\n<h2 class=\"wp-block-heading\">3 &#8211; INFORMATIQUE ET LIBERT\u00c9S<\/h2>\n\n\n\n<p>Les traitements automatis\u00e9s de donn\u00e9es nominatives r\u00e9alis\u00e9s \u00e0 partir du site web  www.monvalet.com ont \u00e9t\u00e9 trait\u00e9s en conformit\u00e9 avec les exigences de la loi n\u00b078-17 du 6 janvier 1978 modifi\u00e9e, relative \u00e0 l&rsquo;informatique, aux fichiers et aux libert\u00e9s. L&rsquo;utilisateur est notamment inform\u00e9 que conform\u00e9ment \u00e0 l&rsquo;article 32 de la loi n\u00b078-17 du 6 janvier 1978 modifi\u00e9e, relative \u00e0 l&rsquo;informatique, aux fichiers et aux libert\u00e9s, les informations qu&rsquo;il communique par le biais des formulaires pr\u00e9sents sur le site sont n\u00e9cessaires pour r\u00e9pondre \u00e0 sa demande et sont destin\u00e9es \u00e0  www.monvalet.com, en tant que responsable du traitement \u00e0 des fins de gestion administrative et commerciale. L&rsquo;utilisateur est inform\u00e9 qu&rsquo;il dispose d&rsquo;un droit d&rsquo;acc\u00e8s, d&rsquo;interrogation et de rectification qui lui permet, le cas \u00e9ch\u00e9ant, de faire rectifier, compl\u00e9ter, mettre \u00e0 jour, verrouiller ou effacer les donn\u00e9es personnelles le concernant qui sont inexactes, incompl\u00e8tes, \u00e9quivoques, p\u00e9rim\u00e9es ou dont la collecte, l&rsquo;utilisation, la communication ou la conservation est interdites. L&rsquo;utilisateur dispose \u00e9galement d&rsquo;un droit d&rsquo;opposition au traitement de ses donn\u00e9es pour des motifs l\u00e9gitimes ainsi qu&rsquo;un droit d&rsquo;opposition \u00e0 ce que ces donn\u00e9es soient utilis\u00e9es \u00e0 des fins de prospection commerciale.<\/p>\n\n\n\n<h2 class=\"wp-block-heading\">4 &#8211; COOKIES<\/h2>\n\n\n\n<p>L&rsquo;utilisateur est inform\u00e9 que lors de ses visites sur le site, un cookie peut s&rsquo;installer automatiquement sur son logiciel de navigation. Le cookie est un bloc de donn\u00e9es qui ne permet pas d&rsquo;identifier les utilisateurs mais sert \u00e0 enregistrer des informations relatives \u00e0 la navigation de celui-ci sur le site. Le param\u00e9trage du logiciel de navigation permet d&rsquo;informer de la pr\u00e9sence de cookie et \u00e9ventuellement, de la refuser de la mani\u00e8re d\u00e9crite \u00e0 l&rsquo;adresse suivante : www.cnil.fr<br>L&rsquo;utilisateur dispose de l&rsquo;ensemble des droits susvis\u00e9s s&rsquo;agissant des donn\u00e9es \u00e0 caract\u00e8re personnel communiqu\u00e9es par le biais des cookies dans les conditions indiqu\u00e9es ci-dessus. Les utilisateurs du site internet  www.monvalet.com sont tenus de respecter les dispositions de la loi n\u00b078-17 du 6 janvier 1978 modifi\u00e9e, relative \u00e0 l&rsquo;informatique, aux fichiers et aux libert\u00e9s, dont la violation est passible de sanctions p\u00e9nales. Ils doivent notamment s&rsquo;abstenir, s&rsquo;agissant des informations \u00e0 caract\u00e8re personnel auxquelles ils acc\u00e8dent ou pourraient acc\u00e9der, de toute collecte, de toute utilisation d\u00e9tourn\u00e9e d&rsquo;une mani\u00e8re g\u00e9n\u00e9rale, de tout acte susceptible de porter atteinte \u00e0 la vie priv\u00e9e ou \u00e0 la r\u00e9putation des personnes.<\/p>\n\n\n\n<h2 class=\"wp-block-heading\">5 &#8211; PROPRI\u00c9T\u00c9 INTELLECTUELLE<\/h2>\n\n\n\n<p>La structure g\u00e9n\u00e9rale ainsi que les logiciels, textes, images anim\u00e9es ou non, son savoir-faire et tous les autres \u00e9l\u00e9ments composant le site sont la propri\u00e9t\u00e9 exclusive de  www.monvalet.com Toute repr\u00e9sentation totale ou partielle de ce site par quelle que personne que ce soit, sans l&rsquo;autorisation expresse de  www.monvalet.com est interdite et constituerait une contrefa\u00e7on sanctionn\u00e9e par les articles L. 335-2 et suivants du Code de la propri\u00e9t\u00e9 intellectuelle. Il en est de m\u00eame des bases de donn\u00e9es figurant, le cas \u00e9ch\u00e9ant sur le site web qui sont prot\u00e9g\u00e9es par les dispositions de la loi du 1er juillet 1998 portant transposition dans le Code de la propri\u00e9t\u00e9 intellectuelle de la directive du 11 mars 1996 relative \u00e0 la protection juridique des bases de donn\u00e9es, et dont  www.monvalet.com est producteur. Les marques de www.monvalet.com et de ses partenaires, ainsi que les logos figurant sur le site sont des marques d\u00e9pos\u00e9es. Toute reproduction totale ou partielle de ces marques ou de ces logos effectu\u00e9s \u00e0 partir des \u00e9l\u00e9ments du site sans l&rsquo;autorisation expresse de  www.monvalet.com est donc prohib\u00e9e au sens du Code de la propri\u00e9t\u00e9 intellectuelle.  www.monvalet.com ne saurait \u00eatre responsable de l&rsquo;acc\u00e8s par les utilisateurs via les liens hypertextes mis en place dans le cadre du site internet en direction d&rsquo;autres ressources pr\u00e9sentes sur le r\u00e9seau. Tout litige en relation avec l&rsquo;utilisation du site  www.monvalet.com  est soumis au droit fran\u00e7ais. L&rsquo;utilisateur reconna\u00eet la comp\u00e9tence exclusive des tribunaux comp\u00e9tents. Nous remercions les utilisateurs du site de nous faire part d&rsquo;\u00e9ventuelles omissions ou erreurs en adressant un message \u00e9lectronique \u00e0 partir de la rubrique contact.<\/p>","protected":false},"excerpt":{"rendered":"<p>1 &#8211; INFORMATIONS L\u00c9GALES Le pr\u00e9sent site est \u00e9dit\u00e9 par la ASED INC (MON Valet) &#8211;\u00a0Num\u00e9ro d\u2019entreprise du Qu\u00e9bec (NEQ) 1175612507, ayant son si\u00e8ge social 290 rue taggart, j4v2y5 Greenfield Park, ayant pour num\u00e9ro Taxe de vente du Qu\u00e9bec :1227644563TQ0001 . Taxe sur les produits et services : 722096872RT0001 R\u00e9alisation du site internet : ASED &hellip; <a href=\"https:\/\/monvalet.com\/en\/mentions-legales\/\" class=\"more-link\">Continue reading <span class=\"screen-reader-text\">Legal Notice<\/span><\/a><\/p>","protected":false},"author":1,"featured_media":0,"parent":0,"menu_order":0,"comment_status":"closed","ping_status":"closed","template":"","meta":{"_kadence_starter_templates_imported_post":false,"footnotes":""},"class_list":["post-2813","page","type-page","status-publish","hentry"],"yoast_head":"<!-- This site is optimized with the Yoast SEO plugin v27.4 - https:\/\/yoast.com\/product\/yoast-seo-wordpress\/ -->\n<title>Mentions l\u00e9gales - Mon Valet<\/title>\n<meta name=\"robots\" content=\"index, follow, max-snippet:-1, max-image-preview:large, max-video-preview:-1\" \/>\n<link rel=\"canonical\" href=\"https:\/\/monvalet.com\/en\/mentions-legales\/\" \/>\n<meta property=\"og:locale\" content=\"en_US\" \/>\n<meta property=\"og:type\" content=\"article\" \/>\n<meta property=\"og:title\" content=\"Mentions l\u00e9gales - Mon Valet\" \/>\n<meta property=\"og:description\" content=\"1 &#8211; INFORMATIONS L\u00c9GALES Le pr\u00e9sent site est \u00e9dit\u00e9 par la ASED INC (MON Valet) &#8211;\u00a0Num\u00e9ro d\u2019entreprise du Qu\u00e9bec (NEQ) 1175612507, ayant son si\u00e8ge social 290 rue taggart, j4v2y5 Greenfield Park, ayant pour num\u00e9ro Taxe de vente du Qu\u00e9bec :1227644563TQ0001 . Taxe sur les produits et services : 722096872RT0001 R\u00e9alisation du site internet : ASED &hellip; Continue reading Mentions l\u00e9gales\" \/>\n<meta property=\"og:url\" content=\"https:\/\/monvalet.com\/en\/mentions-legales\/\" \/>\n<meta property=\"og:site_name\" content=\"Mon Valet\" \/>\n<meta property=\"article:modified_time\" content=\"2021-10-01T18:30:12+00:00\" \/>\n<meta name=\"twitter:card\" content=\"summary_large_image\" \/>\n<meta name=\"twitter:label1\" content=\"Est. reading time\" \/>\n\t<meta name=\"twitter:data1\" content=\"4 minutes\" \/>\n<script type=\"application\/ld+json\" class=\"yoast-schema-graph\">{\"@context\":\"https:\\\/\\\/schema.org\",\"@graph\":[{\"@type\":\"WebPage\",\"@id\":\"https:\\\/\\\/monvalet.com\\\/mentions-legales\\\/\",\"url\":\"https:\\\/\\\/monvalet.com\\\/mentions-legales\\\/\",\"name\":\"Mentions l\u00e9gales - Mon Valet\",\"isPartOf\":{\"@id\":\"https:\\\/\\\/monvalet.com\\\/#website\"},\"datePublished\":\"2021-10-01T13:42:52+00:00\",\"dateModified\":\"2021-10-01T18:30:12+00:00\",\"breadcrumb\":{\"@id\":\"https:\\\/\\\/monvalet.com\\\/mentions-legales\\\/#breadcrumb\"},\"inLanguage\":\"en-US\",\"potentialAction\":[{\"@type\":\"ReadAction\",\"target\":[\"https:\\\/\\\/monvalet.com\\\/mentions-legales\\\/\"]}]},{\"@type\":\"BreadcrumbList\",\"@id\":\"https:\\\/\\\/monvalet.com\\\/mentions-legales\\\/#breadcrumb\",\"itemListElement\":[{\"@type\":\"ListItem\",\"position\":1,\"name\":\"Accueil\",\"item\":\"https:\\\/\\\/monvalet.com\\\/\"},{\"@type\":\"ListItem\",\"position\":2,\"name\":\"Mentions l\u00e9gales\"}]},{\"@type\":\"WebSite\",\"@id\":\"https:\\\/\\\/monvalet.com\\\/#website\",\"url\":\"https:\\\/\\\/monvalet.com\\\/\",\"name\":\"Mon Valet\",\"description\":\"Commencer votre voyage avec nous ! Partagez votre parking quand vous ne l\u2019utilisez pas et gagnez en moyenne par 800$ mois Revenus moyens par mois gr\u00e2ce \u00e0 Monvalet, la plus grande plateforme de parkingpartage au monde.\",\"publisher\":{\"@id\":\"https:\\\/\\\/monvalet.com\\\/#organization\"},\"potentialAction\":[{\"@type\":\"SearchAction\",\"target\":{\"@type\":\"EntryPoint\",\"urlTemplate\":\"https:\\\/\\\/monvalet.com\\\/?s={search_term_string}\"},\"query-input\":{\"@type\":\"PropertyValueSpecification\",\"valueRequired\":true,\"valueName\":\"search_term_string\"}}],\"inLanguage\":\"en-US\"},{\"@type\":\"Organization\",\"@id\":\"https:\\\/\\\/monvalet.com\\\/#organization\",\"name\":\"Mon valet\",\"url\":\"https:\\\/\\\/monvalet.com\\\/\",\"logo\":{\"@type\":\"ImageObject\",\"inLanguage\":\"en-US\",\"@id\":\"https:\\\/\\\/monvalet.com\\\/#\\\/schema\\\/logo\\\/image\\\/\",\"url\":\"https:\\\/\\\/monvalet.com\\\/wp-content\\\/uploads\\\/2021\\\/10\\\/cropped-Mon-valet-4-1.png\",\"contentUrl\":\"https:\\\/\\\/monvalet.com\\\/wp-content\\\/uploads\\\/2021\\\/10\\\/cropped-Mon-valet-4-1.png\",\"width\":512,\"height\":512,\"caption\":\"Mon valet\"},\"image\":{\"@id\":\"https:\\\/\\\/monvalet.com\\\/#\\\/schema\\\/logo\\\/image\\\/\"}}]}<\/script>\n<!-- \/ Yoast SEO plugin. -->","yoast_head_json":{"title":"Mentions l\u00e9gales - Mon Valet","robots":{"index":"index","follow":"follow","max-snippet":"max-snippet:-1","max-image-preview":"max-image-preview:large","max-video-preview":"max-video-preview:-1"},"canonical":"https:\/\/monvalet.com\/en\/mentions-legales\/","og_locale":"en_US","og_type":"article","og_title":"Mentions l\u00e9gales - Mon Valet","og_description":"1 &#8211; INFORMATIONS L\u00c9GALES Le pr\u00e9sent site est \u00e9dit\u00e9 par la ASED INC (MON Valet) &#8211;\u00a0Num\u00e9ro d\u2019entreprise du Qu\u00e9bec (NEQ) 1175612507, ayant son si\u00e8ge social 290 rue taggart, j4v2y5 Greenfield Park, ayant pour num\u00e9ro Taxe de vente du Qu\u00e9bec :1227644563TQ0001 . Taxe sur les produits et services : 722096872RT0001 R\u00e9alisation du site internet : ASED &hellip; Continue reading Mentions l\u00e9gales","og_url":"https:\/\/monvalet.com\/en\/mentions-legales\/","og_site_name":"Mon Valet","article_modified_time":"2021-10-01T18:30:12+00:00","twitter_card":"summary_large_image","twitter_misc":{"Est. reading time":"4 minutes"},"schema":{"@context":"https:\/\/schema.org","@graph":[{"@type":"WebPage","@id":"https:\/\/monvalet.com\/mentions-legales\/","url":"https:\/\/monvalet.com\/mentions-legales\/","name":"Mentions l\u00e9gales - Mon Valet","isPartOf":{"@id":"https:\/\/monvalet.com\/#website"},"datePublished":"2021-10-01T13:42:52+00:00","dateModified":"2021-10-01T18:30:12+00:00","breadcrumb":{"@id":"https:\/\/monvalet.com\/mentions-legales\/#breadcrumb"},"inLanguage":"en-US","potentialAction":[{"@type":"ReadAction","target":["https:\/\/monvalet.com\/mentions-legales\/"]}]},{"@type":"BreadcrumbList","@id":"https:\/\/monvalet.com\/mentions-legales\/#breadcrumb","itemListElement":[{"@type":"ListItem","position":1,"name":"Accueil","item":"https:\/\/monvalet.com\/"},{"@type":"ListItem","position":2,"name":"Mentions l\u00e9gales"}]},{"@type":"WebSite","@id":"https:\/\/monvalet.com\/#website","url":"https:\/\/monvalet.com\/","name":"Mon Valet","description":"Commencer votre voyage avec nous ! Partagez votre parking quand vous ne l\u2019utilisez pas et gagnez en moyenne par 800$ mois Revenus moyens par mois gr\u00e2ce \u00e0 Monvalet, la plus grande plateforme de parkingpartage au monde.","publisher":{"@id":"https:\/\/monvalet.com\/#organization"},"potentialAction":[{"@type":"SearchAction","target":{"@type":"EntryPoint","urlTemplate":"https:\/\/monvalet.com\/?s={search_term_string}"},"query-input":{"@type":"PropertyValueSpecification","valueRequired":true,"valueName":"search_term_string"}}],"inLanguage":"en-US"},{"@type":"Organization","@id":"https:\/\/monvalet.com\/#organization","name":"Mon valet","url":"https:\/\/monvalet.com\/","logo":{"@type":"ImageObject","inLanguage":"en-US","@id":"https:\/\/monvalet.com\/#\/schema\/logo\/image\/","url":"https:\/\/monvalet.com\/wp-content\/uploads\/2021\/10\/cropped-Mon-valet-4-1.png","contentUrl":"https:\/\/monvalet.com\/wp-content\/uploads\/2021\/10\/cropped-Mon-valet-4-1.png","width":512,"height":512,"caption":"Mon valet"},"image":{"@id":"https:\/\/monvalet.com\/#\/schema\/logo\/image\/"}}]}},"_links":{"self":[{"href":"https:\/\/monvalet.com\/en\/wp-json\/wp\/v2\/pages\/2813","targetHints":{"allow":["GET"]}}],"collection":[{"href":"https:\/\/monvalet.com\/en\/wp-json\/wp\/v2\/pages"}],"about":[{"href":"https:\/\/monvalet.com\/en\/wp-json\/wp\/v2\/types\/page"}],"author":[{"embeddable":true,"href":"https:\/\/monvalet.com\/en\/wp-json\/wp\/v2\/users\/1"}],"replies":[{"embeddable":true,"href":"https:\/\/monvalet.com\/en\/wp-json\/wp\/v2\/comments?post=2813"}],"version-history":[{"count":2,"href":"https:\/\/monvalet.com\/en\/wp-json\/wp\/v2\/pages\/2813\/revisions"}],"predecessor-version":[{"id":2854,"href":"https:\/\/monvalet.com\/en\/wp-json\/wp\/v2\/pages\/2813\/revisions\/2854"}],"wp:attachment":[{"href":"https:\/\/monvalet.com\/en\/wp-json\/wp\/v2\/media?parent=2813"}],"curies":[{"name":"wp","href":"https:\/\/api.w.org\/{rel}","templated":true}]}}