{"id":3002,"date":"2021-10-04T20:40:22","date_gmt":"2021-10-04T18:40:22","guid":{"rendered":"https:\/\/monvalet.com\/?page_id=3002"},"modified":"2024-01-26T22:46:16","modified_gmt":"2024-01-26T21:46:16","slug":"services-additionnels","status":"publish","type":"page","link":"https:\/\/monvalet.com\/en\/services-additionnels\/","title":{"rendered":"Additional services"},"content":{"rendered":"<style>.kb-row-layout-wrap.wp-block-kadence-rowlayout.kb-row-layout-id3002_1d4c5c-16{margin-top:0px;margin-bottom:0px;}.kb-row-layout-id3002_1d4c5c-16 > .kt-row-column-wrap{align-content:start;}:where(.kb-row-layout-id3002_1d4c5c-16 > .kt-row-column-wrap) > .wp-block-kadence-column{justify-content:start;}.kb-row-layout-id3002_1d4c5c-16 > .kt-row-column-wrap{column-gap:var(--global-kb-gap-none, 0rem );row-gap:var(--global-kb-gap-md, 2rem);max-width:1140px;margin-left:auto;margin-right:auto;padding-top:130px;padding-right:10px;padding-bottom:0px;padding-left:10px;grid-template-columns:minmax(0, 1fr);}.kb-row-layout-id3002_1d4c5c-16{background-image:url('http:\/\/monvalet.com\/wp-content\/uploads\/2020\/12\/pexels-fauxels-3182835.jpg');background-size:cover;background-position:50% 42%;background-attachment:scroll;background-repeat:no-repeat;}.kb-row-layout-id3002_1d4c5c-16 > .kt-row-layout-overlay{opacity:0.65;background-color:var(--global-palette2, #2B6CB0);}@media all and (max-width: 1024px){.kb-row-layout-id3002_1d4c5c-16 > .kt-row-column-wrap{padding-top:120px;padding-right:120px;padding-bottom:60px;padding-left:60px;grid-template-columns:minmax(0, 1fr);}}@media all and (max-width: 767px){.kb-row-layout-id3002_1d4c5c-16 > .kt-row-column-wrap{padding-top:120px;padding-right:20px;padding-bottom:30px;padding-left:20px;grid-template-columns:minmax(0, 1fr);}}<\/style><div class=\"kb-row-layout-wrap kb-row-layout-id3002_1d4c5c-16 alignnone kt-row-has-bg wp-block-kadence-rowlayout\"><div class=\"kt-row-layout-overlay kt-row-overlay-normal\"><\/div><div class=\"kt-row-column-wrap kt-has-1-columns kt-row-layout-equal kt-tab-layout-inherit kt-mobile-layout-row kt-row-valign-top\">\n<style>.kadence-column3002_a72823-25 > .kt-inside-inner-col,.kadence-column3002_a72823-25 > .kt-inside-inner-col:before{border-top-left-radius:0px;border-top-right-radius:0px;border-bottom-right-radius:0px;border-bottom-left-radius:0px;}.kadence-column3002_a72823-25 > .kt-inside-inner-col{column-gap:var(--global-kb-gap-sm, 1rem);}.kadence-column3002_a72823-25 > .kt-inside-inner-col{flex-direction:column;}.kadence-column3002_a72823-25 > .kt-inside-inner-col > .aligncenter{width:100%;}.kadence-column3002_a72823-25 > .kt-inside-inner-col:before{opacity:0.3;}.kadence-column3002_a72823-25{position:relative;}@media all and (max-width: 1024px){.kadence-column3002_a72823-25 > .kt-inside-inner-col{flex-direction:column;justify-content:center;}}@media all and (max-width: 767px){.kadence-column3002_a72823-25 > .kt-inside-inner-col{flex-direction:column;justify-content:center;}}<\/style>\n<div class=\"wp-block-kadence-column kadence-column3002_a72823-25 inner-column-1\"><div class=\"kt-inside-inner-col\"><style>.wp-block-kadence-advancedheading.kt-adv-heading3002_03954b-8c, .wp-block-kadence-advancedheading.kt-adv-heading3002_03954b-8c[data-kb-block=\"kb-adv-heading3002_03954b-8c\"]{text-align:center;font-size:60px;line-height:1em;font-style:normal;letter-spacing:-2px;color:var(--global-palette9, #ffffff);}.wp-block-kadence-advancedheading.kt-adv-heading3002_03954b-8c mark.kt-highlight, .wp-block-kadence-advancedheading.kt-adv-heading3002_03954b-8c[data-kb-block=\"kb-adv-heading3002_03954b-8c\"] mark.kt-highlight{font-style:normal;color:#f76a0c;-webkit-box-decoration-break:clone;box-decoration-break:clone;padding-top:0px;padding-right:0px;padding-bottom:0px;padding-left:0px;}.wp-block-kadence-advancedheading.kt-adv-heading3002_03954b-8c img.kb-inline-image, .wp-block-kadence-advancedheading.kt-adv-heading3002_03954b-8c[data-kb-block=\"kb-adv-heading3002_03954b-8c\"] img.kb-inline-image{width:150px;vertical-align:baseline;}@media all and (max-width: 1024px){.wp-block-kadence-advancedheading.kt-adv-heading3002_03954b-8c, .wp-block-kadence-advancedheading.kt-adv-heading3002_03954b-8c[data-kb-block=\"kb-adv-heading3002_03954b-8c\"]{font-size:60px;}}@media all and (max-width: 767px){.wp-block-kadence-advancedheading.kt-adv-heading3002_03954b-8c, .wp-block-kadence-advancedheading.kt-adv-heading3002_03954b-8c[data-kb-block=\"kb-adv-heading3002_03954b-8c\"]{font-size:45px;}}<\/style>\n<h1 class=\"kt-adv-heading3002_03954b-8c wp-block-kadence-advancedheading has-theme-palette-9-color has-text-color\" data-kb-block=\"kb-adv-heading3002_03954b-8c\">Services additionnels<\/h1>\n<\/div><\/div>\n\n<\/div><\/div>\n\n<style>.kb-row-layout-id3002_c86aae-a6 > .kt-row-column-wrap{align-content:start;}:where(.kb-row-layout-id3002_c86aae-a6 > .kt-row-column-wrap) > .wp-block-kadence-column{justify-content:start;}.kb-row-layout-id3002_c86aae-a6 > .kt-row-column-wrap{column-gap:var(--global-kb-gap-md, 2rem);row-gap:var(--global-kb-gap-md, 2rem);padding-top:17px;padding-bottom:0px;grid-template-columns:minmax(0, 1fr);}.kb-row-layout-id3002_c86aae-a6 > .kt-row-layout-overlay{opacity:0.30;}@media all and (max-width: 1024px){.kb-row-layout-id3002_c86aae-a6 > .kt-row-column-wrap{grid-template-columns:minmax(0, 1fr);}}@media all and (max-width: 767px){.kb-row-layout-id3002_c86aae-a6 > .kt-row-column-wrap{grid-template-columns:minmax(0, 1fr);}}<\/style><div class=\"kb-row-layout-wrap kb-row-layout-id3002_c86aae-a6 alignnone wp-block-kadence-rowlayout\"><div class=\"kt-row-column-wrap kt-has-1-columns kt-row-layout-equal kt-tab-layout-inherit kt-mobile-layout-row kt-row-valign-top\">\n<style>.kadence-column3002_db4337-e5 > .kt-inside-inner-col,.kadence-column3002_db4337-e5 > .kt-inside-inner-col:before{border-top-left-radius:0px;border-top-right-radius:0px;border-bottom-right-radius:0px;border-bottom-left-radius:0px;}.kadence-column3002_db4337-e5 > .kt-inside-inner-col{column-gap:var(--global-kb-gap-sm, 1rem);}.kadence-column3002_db4337-e5 > .kt-inside-inner-col{flex-direction:column;}.kadence-column3002_db4337-e5 > .kt-inside-inner-col > .aligncenter{width:100%;}.kadence-column3002_db4337-e5 > .kt-inside-inner-col:before{opacity:0.3;}.kadence-column3002_db4337-e5{position:relative;}@media all and (max-width: 1024px){.kadence-column3002_db4337-e5 > .kt-inside-inner-col{flex-direction:column;justify-content:center;}}@media all and (max-width: 767px){.kadence-column3002_db4337-e5 > .kt-inside-inner-col{flex-direction:column;justify-content:center;}}<\/style>\n<div class=\"wp-block-kadence-column kadence-column3002_db4337-e5 inner-column-1\"><div class=\"kt-inside-inner-col\"><style>.kb-row-layout-id3002_873e29-38 > .kt-row-column-wrap{align-content:start;}:where(.kb-row-layout-id3002_873e29-38 > .kt-row-column-wrap) > .wp-block-kadence-column{justify-content:start;}.kb-row-layout-id3002_873e29-38 > .kt-row-column-wrap{column-gap:var(--global-kb-gap-md, 2rem);row-gap:var(--global-kb-gap-md, 2rem);padding-top:25px;padding-bottom:0px;grid-template-columns:minmax(0, 1fr);}.kb-row-layout-id3002_873e29-38 > .kt-row-layout-overlay{opacity:0.30;}@media all and (max-width: 1024px){.kb-row-layout-id3002_873e29-38 > .kt-row-column-wrap{grid-template-columns:minmax(0, 1fr);}}@media all and (max-width: 767px){.kb-row-layout-id3002_873e29-38 > .kt-row-column-wrap{grid-template-columns:minmax(0, 1fr);}}<\/style><div class=\"kb-row-layout-wrap kb-row-layout-id3002_873e29-38 alignnone wp-block-kadence-rowlayout\"><div class=\"kt-row-column-wrap kt-has-1-columns kt-row-layout-equal kt-tab-layout-inherit kt-mobile-layout-row kt-row-valign-top\">\n<style>.kadence-column3002_872ddb-3a > .kt-inside-inner-col,.kadence-column3002_872ddb-3a > .kt-inside-inner-col:before{border-top-left-radius:0px;border-top-right-radius:0px;border-bottom-right-radius:0px;border-bottom-left-radius:0px;}.kadence-column3002_872ddb-3a > .kt-inside-inner-col{column-gap:var(--global-kb-gap-sm, 1rem);}.kadence-column3002_872ddb-3a > .kt-inside-inner-col{flex-direction:column;}.kadence-column3002_872ddb-3a > .kt-inside-inner-col > .aligncenter{width:100%;}.kadence-column3002_872ddb-3a > .kt-inside-inner-col:before{opacity:0.3;}.kadence-column3002_872ddb-3a{position:relative;}@media all and (max-width: 1024px){.kadence-column3002_872ddb-3a > .kt-inside-inner-col{flex-direction:column;justify-content:center;}}@media all and (max-width: 767px){.kadence-column3002_872ddb-3a > .kt-inside-inner-col{flex-direction:column;justify-content:center;}}<\/style>\n<div class=\"wp-block-kadence-column kadence-column3002_872ddb-3a inner-column-1\"><div class=\"kt-inside-inner-col\">\n<h4 class=\"wp-block-heading has-text-align-center has-theme-palette-2-color has-text-color\">ASSURANCE ANNULATION ET MODIFICATION 20$<\/h4>\n\n\n\n<p class=\"has-text-align-center\">Il pr\u00e9voit le remboursement int\u00e9gral de votre commande,100% du prix total de votre commande moins le co\u00fbt de l&rsquo;option, pour des motifs acceptable,(nous contacter pour plus d&rsquo;infos). La demande du Client intervient plus de 24h avant la date et l\u2019heure de d\u00e9pose du v\u00e9hicule r\u00e9serv\u00e9es, le Client se verra rembours\u00e9 ou pourra modifier l&rsquo;heure de reservation. Dans le cas d&rsquo;un retour retard\u00e9 cette assurance vous permet de modifier votre heure de retour sans \u00eatre factur\u00e9, valable pour 1 jours maximum de retard. ( dans le cas contraire vous recevrez une facture pour chaque modification de 50$).<\/p>\n<\/div><\/div>\n\n<\/div><\/div><\/div><\/div>\n\n<\/div><\/div>\n\n<style>.kb-row-layout-id3002_162717-e4 > .kt-row-column-wrap{align-content:start;}:where(.kb-row-layout-id3002_162717-e4 > .kt-row-column-wrap) > .wp-block-kadence-column{justify-content:start;}.kb-row-layout-id3002_162717-e4 > .kt-row-column-wrap{column-gap:var(--global-kb-gap-md, 2rem);row-gap:var(--global-kb-gap-md, 2rem);padding-top:0px;padding-bottom:0px;grid-template-columns:minmax(0, 1fr);}.kb-row-layout-id3002_162717-e4 > .kt-row-layout-overlay{opacity:0.30;}@media all and (max-width: 1024px){.kb-row-layout-id3002_162717-e4 > .kt-row-column-wrap{grid-template-columns:minmax(0, 1fr);}}@media all and (max-width: 767px){.kb-row-layout-id3002_162717-e4 > .kt-row-column-wrap{grid-template-columns:minmax(0, 1fr);}}<\/style><div class=\"kb-row-layout-wrap kb-row-layout-id3002_162717-e4 alignnone wp-block-kadence-rowlayout\"><div class=\"kt-row-column-wrap kt-has-1-columns kt-row-layout-equal kt-tab-layout-inherit kt-mobile-layout-row kt-row-valign-top\">\n<style>.kadence-column3002_d7d243-fb > .kt-inside-inner-col,.kadence-column3002_d7d243-fb > .kt-inside-inner-col:before{border-top-left-radius:0px;border-top-right-radius:0px;border-bottom-right-radius:0px;border-bottom-left-radius:0px;}.kadence-column3002_d7d243-fb > .kt-inside-inner-col{column-gap:var(--global-kb-gap-sm, 1rem);}.kadence-column3002_d7d243-fb > .kt-inside-inner-col{flex-direction:column;}.kadence-column3002_d7d243-fb > .kt-inside-inner-col > .aligncenter{width:100%;}.kadence-column3002_d7d243-fb > .kt-inside-inner-col:before{opacity:0.3;}.kadence-column3002_d7d243-fb{text-align:center;}.kadence-column3002_d7d243-fb{position:relative;}@media all and (max-width: 1024px){.kadence-column3002_d7d243-fb > .kt-inside-inner-col{flex-direction:column;justify-content:center;}}@media all and (max-width: 767px){.kadence-column3002_d7d243-fb > .kt-inside-inner-col{flex-direction:column;justify-content:center;}}<\/style>\n<div class=\"wp-block-kadence-column kadence-column3002_d7d243-fb inner-column-1\"><div class=\"kt-inside-inner-col\"><style>.wp-block-kadence-spacer.kt-block-spacer-3002_5c1f26-84 .kt-block-spacer{height:60px;}.wp-block-kadence-spacer.kt-block-spacer-3002_5c1f26-84 .kt-divider{border-top-width:1px;height:1px;border-top-color:#eee;width:80%;border-top-style:solid;}<\/style>\n<div class=\"wp-block-kadence-spacer aligncenter kt-block-spacer-3002_5c1f26-84\"><div class=\"kt-block-spacer kt-block-spacer-halign-center\"><hr class=\"kt-divider\"\/><\/div><\/div>\n<\/div><\/div>\n\n<\/div><\/div>\n\n<style>.kb-row-layout-id3002_62b938-fc > .kt-row-column-wrap{align-content:start;}:where(.kb-row-layout-id3002_62b938-fc > .kt-row-column-wrap) > .wp-block-kadence-column{justify-content:start;}.kb-row-layout-id3002_62b938-fc > .kt-row-column-wrap{column-gap:var(--global-kb-gap-md, 2rem);row-gap:var(--global-kb-gap-md, 2rem);padding-top:0px;padding-bottom:0px;grid-template-columns:minmax(0, 1fr);}.kb-row-layout-id3002_62b938-fc > .kt-row-layout-overlay{opacity:0.30;}@media all and (max-width: 1024px){.kb-row-layout-id3002_62b938-fc > .kt-row-column-wrap{grid-template-columns:minmax(0, 1fr);}}@media all and (max-width: 767px){.kb-row-layout-id3002_62b938-fc > .kt-row-column-wrap{grid-template-columns:minmax(0, 1fr);}}<\/style><div class=\"kb-row-layout-wrap kb-row-layout-id3002_62b938-fc alignnone wp-block-kadence-rowlayout\"><div class=\"kt-row-column-wrap kt-has-1-columns kt-row-layout-equal kt-tab-layout-inherit kt-mobile-layout-row kt-row-valign-top\">\n<style>.kadence-column3002_e4b7f2-52 > .kt-inside-inner-col,.kadence-column3002_e4b7f2-52 > .kt-inside-inner-col:before{border-top-left-radius:0px;border-top-right-radius:0px;border-bottom-right-radius:0px;border-bottom-left-radius:0px;}.kadence-column3002_e4b7f2-52 > .kt-inside-inner-col{column-gap:var(--global-kb-gap-sm, 1rem);}.kadence-column3002_e4b7f2-52 > .kt-inside-inner-col{flex-direction:column;}.kadence-column3002_e4b7f2-52 > .kt-inside-inner-col > .aligncenter{width:100%;}.kadence-column3002_e4b7f2-52 > .kt-inside-inner-col:before{opacity:0.3;}.kadence-column3002_e4b7f2-52{position:relative;}@media all and (max-width: 1024px){.kadence-column3002_e4b7f2-52 > .kt-inside-inner-col{flex-direction:column;justify-content:center;}}@media all and (max-width: 767px){.kadence-column3002_e4b7f2-52 > .kt-inside-inner-col{flex-direction:column;justify-content:center;}}<\/style>\n<div class=\"wp-block-kadence-column kadence-column3002_e4b7f2-52 inner-column-1\"><div class=\"kt-inside-inner-col\">\n<h4 class=\"wp-block-heading has-text-align-center has-theme-palette-2-color has-text-color\">SUPPLEMENT PICK-UP 35$<\/h4>\n\n\n\n<p class=\"has-text-align-center\">Au detriment de l&rsquo;espace que prennent ses v\u00e9hicules et la manipulation d\u00e9licate pour les stationnements, vous devez prendre ce suppl\u00e9ment pour votre v\u00e9hicule sinon il ne sera malheureusement pas accept\u00e9.<\/p>\n<\/div><\/div>\n\n<\/div><\/div>\n\n<style>.wp-block-kadence-spacer.kt-block-spacer-3002_81d91b-34 .kt-block-spacer{height:60px;}.wp-block-kadence-spacer.kt-block-spacer-3002_81d91b-34 .kt-divider{border-top-width:1px;height:1px;border-top-color:#eee;width:80%;border-top-style:solid;}<\/style>\n<div class=\"wp-block-kadence-spacer aligncenter kt-block-spacer-3002_81d91b-34\"><div class=\"kt-block-spacer kt-block-spacer-halign-center\"><hr class=\"kt-divider\"\/><\/div><\/div>\n\n\n<style>.wp-block-kadence-advancedbtn.kb-btns3002_24f12b-59{gap:var(--global-kb-gap-xs, 0.5rem );justify-content:center;align-items:center;}.kt-btns3002_24f12b-59 .kt-button{font-weight:normal;font-style:normal;}.kt-btns3002_24f12b-59 .kt-btn-wrap-0{margin-right:5px;}.wp-block-kadence-advancedbtn.kt-btns3002_24f12b-59 .kt-btn-wrap-0 .kt-button{color:#555555;border-color:#555555;}.wp-block-kadence-advancedbtn.kt-btns3002_24f12b-59 .kt-btn-wrap-0 .kt-button:hover, .wp-block-kadence-advancedbtn.kt-btns3002_24f12b-59 .kt-btn-wrap-0 .kt-button:focus{color:#ffffff;border-color:#444444;}.wp-block-kadence-advancedbtn.kt-btns3002_24f12b-59 .kt-btn-wrap-0 .kt-button::before{display:none;}.wp-block-kadence-advancedbtn.kt-btns3002_24f12b-59 .kt-btn-wrap-0 .kt-button:hover, .wp-block-kadence-advancedbtn.kt-btns3002_24f12b-59 .kt-btn-wrap-0 .kt-button:focus{background:#444444;}<\/style>\n<div class=\"wp-block-kadence-advancedbtn kb-buttons-wrap kb-btns3002_24f12b-59\"><style>ul.menu .wp-block-kadence-advancedbtn .kb-btn3002_2b8f0a-31.kb-button{width:initial;}<\/style><a class=\"kb-button kt-button button kb-btn3002_2b8f0a-31 kt-btn-size-standard kt-btn-width-type-auto kb-btn-global-fill  kt-btn-has-text-true kt-btn-has-svg-false  wp-block-kadence-singlebtn\" href=\"https:\/\/monvalet.com\/contact\/\"><span class=\"kt-btn-inner-text\">RESERVER<\/span><\/a><\/div>\n\n\n\n<div style=\"height:48px\" aria-hidden=\"true\" class=\"wp-block-spacer\"><\/div>\n","protected":false},"excerpt":{"rendered":"<p>Services additionnels ASSURANCE ANNULATION ET MODIFICATION 20$ Il pr\u00e9voit le remboursement int\u00e9gral de votre commande,100% du prix total de votre commande moins le co\u00fbt de l&rsquo;option, pour des motifs acceptable,(nous contacter pour plus d&rsquo;infos). La demande du Client intervient plus de 24h avant la date et l\u2019heure de d\u00e9pose du v\u00e9hicule r\u00e9serv\u00e9es, le Client se &hellip; <a href=\"https:\/\/monvalet.com\/en\/services-additionnels\/\" class=\"more-link\">Continue reading <span class=\"screen-reader-text\">Additional services<\/span><\/a><\/p>","protected":false},"author":1,"featured_media":0,"parent":0,"menu_order":0,"comment_status":"closed","ping_status":"closed","template":"","meta":{"_kadence_starter_templates_imported_post":true,"footnotes":""},"class_list":["post-3002","page","type-page","status-publish","hentry"],"yoast_head":"<!-- This site is optimized with the Yoast SEO plugin v27.5 - https:\/\/yoast.com\/product\/yoast-seo-wordpress\/ -->\n<title>Services additionnels - Mon Valet<\/title>\n<meta name=\"description\" content=\"Nous r\u00e9alisons le nettoyage de votre v\u00e9hicule\u00a0en centre de lavage automatique. Notre programme comprend\u00a0le pr\u00e9lavage haute pression avec moul.\" \/>\n<meta name=\"robots\" content=\"index, follow, max-snippet:-1, max-image-preview:large, max-video-preview:-1\" \/>\n<link rel=\"canonical\" href=\"https:\/\/monvalet.com\/en\/services-additionnels\/\" \/>\n<meta property=\"og:locale\" content=\"en_US\" \/>\n<meta property=\"og:type\" content=\"article\" \/>\n<meta property=\"og:title\" content=\"Services additionnels - Mon Valet\" \/>\n<meta property=\"og:description\" content=\"Nous r\u00e9alisons le nettoyage de votre v\u00e9hicule\u00a0en centre de lavage automatique. Notre programme comprend\u00a0le pr\u00e9lavage haute pression avec moul.\" \/>\n<meta property=\"og:url\" content=\"https:\/\/monvalet.com\/en\/services-additionnels\/\" \/>\n<meta property=\"og:site_name\" content=\"Mon Valet\" \/>\n<meta property=\"article:modified_time\" content=\"2024-01-26T21:46:16+00:00\" \/>\n<meta name=\"twitter:card\" content=\"summary_large_image\" \/>\n<meta name=\"twitter:label1\" content=\"Est. reading time\" \/>\n\t<meta name=\"twitter:data1\" content=\"1 minute\" \/>\n<script type=\"application\/ld+json\" class=\"yoast-schema-graph\">{\"@context\":\"https:\\\/\\\/schema.org\",\"@graph\":[{\"@type\":\"WebPage\",\"@id\":\"https:\\\/\\\/monvalet.com\\\/services-additionnels\\\/\",\"url\":\"https:\\\/\\\/monvalet.com\\\/services-additionnels\\\/\",\"name\":\"Services additionnels - Mon Valet\",\"isPartOf\":{\"@id\":\"https:\\\/\\\/monvalet.com\\\/#website\"},\"datePublished\":\"2021-10-04T18:40:22+00:00\",\"dateModified\":\"2024-01-26T21:46:16+00:00\",\"description\":\"Nous r\u00e9alisons le nettoyage de votre v\u00e9hicule\u00a0en centre de lavage automatique. Notre programme comprend\u00a0le pr\u00e9lavage haute pression avec moul.\",\"breadcrumb\":{\"@id\":\"https:\\\/\\\/monvalet.com\\\/services-additionnels\\\/#breadcrumb\"},\"inLanguage\":\"en-US\",\"potentialAction\":[{\"@type\":\"ReadAction\",\"target\":[\"https:\\\/\\\/monvalet.com\\\/services-additionnels\\\/\"]}]},{\"@type\":\"BreadcrumbList\",\"@id\":\"https:\\\/\\\/monvalet.com\\\/services-additionnels\\\/#breadcrumb\",\"itemListElement\":[{\"@type\":\"ListItem\",\"position\":1,\"name\":\"Accueil\",\"item\":\"https:\\\/\\\/monvalet.com\\\/\"},{\"@type\":\"ListItem\",\"position\":2,\"name\":\"Services additionnels\"}]},{\"@type\":\"WebSite\",\"@id\":\"https:\\\/\\\/monvalet.com\\\/#website\",\"url\":\"https:\\\/\\\/monvalet.com\\\/\",\"name\":\"Mon Valet\",\"description\":\"Commencer votre voyage avec nous ! Partagez votre parking quand vous ne l\u2019utilisez pas et gagnez en moyenne par 800$ mois Revenus moyens par mois gr\u00e2ce \u00e0 Monvalet, la plus grande plateforme de parkingpartage au monde.\",\"publisher\":{\"@id\":\"https:\\\/\\\/monvalet.com\\\/#organization\"},\"potentialAction\":[{\"@type\":\"SearchAction\",\"target\":{\"@type\":\"EntryPoint\",\"urlTemplate\":\"https:\\\/\\\/monvalet.com\\\/?s={search_term_string}\"},\"query-input\":{\"@type\":\"PropertyValueSpecification\",\"valueRequired\":true,\"valueName\":\"search_term_string\"}}],\"inLanguage\":\"en-US\"},{\"@type\":\"Organization\",\"@id\":\"https:\\\/\\\/monvalet.com\\\/#organization\",\"name\":\"Mon valet\",\"url\":\"https:\\\/\\\/monvalet.com\\\/\",\"logo\":{\"@type\":\"ImageObject\",\"inLanguage\":\"en-US\",\"@id\":\"https:\\\/\\\/monvalet.com\\\/#\\\/schema\\\/logo\\\/image\\\/\",\"url\":\"https:\\\/\\\/monvalet.com\\\/wp-content\\\/uploads\\\/2021\\\/10\\\/cropped-Mon-valet-4-1.png\",\"contentUrl\":\"https:\\\/\\\/monvalet.com\\\/wp-content\\\/uploads\\\/2021\\\/10\\\/cropped-Mon-valet-4-1.png\",\"width\":512,\"height\":512,\"caption\":\"Mon valet\"},\"image\":{\"@id\":\"https:\\\/\\\/monvalet.com\\\/#\\\/schema\\\/logo\\\/image\\\/\"}}]}<\/script>\n<!-- \/ Yoast SEO plugin. -->","yoast_head_json":{"title":"Services additionnels - Mon Valet","description":"Nous r\u00e9alisons le nettoyage de votre v\u00e9hicule\u00a0en centre de lavage automatique. Notre programme comprend\u00a0le pr\u00e9lavage haute pression avec moul.","robots":{"index":"index","follow":"follow","max-snippet":"max-snippet:-1","max-image-preview":"max-image-preview:large","max-video-preview":"max-video-preview:-1"},"canonical":"https:\/\/monvalet.com\/en\/services-additionnels\/","og_locale":"en_US","og_type":"article","og_title":"Services additionnels - Mon Valet","og_description":"Nous r\u00e9alisons le nettoyage de votre v\u00e9hicule\u00a0en centre de lavage automatique. Notre programme comprend\u00a0le pr\u00e9lavage haute pression avec moul.","og_url":"https:\/\/monvalet.com\/en\/services-additionnels\/","og_site_name":"Mon Valet","article_modified_time":"2024-01-26T21:46:16+00:00","twitter_card":"summary_large_image","twitter_misc":{"Est. reading time":"1 minute"},"schema":{"@context":"https:\/\/schema.org","@graph":[{"@type":"WebPage","@id":"https:\/\/monvalet.com\/services-additionnels\/","url":"https:\/\/monvalet.com\/services-additionnels\/","name":"Services additionnels - Mon Valet","isPartOf":{"@id":"https:\/\/monvalet.com\/#website"},"datePublished":"2021-10-04T18:40:22+00:00","dateModified":"2024-01-26T21:46:16+00:00","description":"Nous r\u00e9alisons le nettoyage de votre v\u00e9hicule\u00a0en centre de lavage automatique. Notre programme comprend\u00a0le pr\u00e9lavage haute pression avec moul.","breadcrumb":{"@id":"https:\/\/monvalet.com\/services-additionnels\/#breadcrumb"},"inLanguage":"en-US","potentialAction":[{"@type":"ReadAction","target":["https:\/\/monvalet.com\/services-additionnels\/"]}]},{"@type":"BreadcrumbList","@id":"https:\/\/monvalet.com\/services-additionnels\/#breadcrumb","itemListElement":[{"@type":"ListItem","position":1,"name":"Accueil","item":"https:\/\/monvalet.com\/"},{"@type":"ListItem","position":2,"name":"Services additionnels"}]},{"@type":"WebSite","@id":"https:\/\/monvalet.com\/#website","url":"https:\/\/monvalet.com\/","name":"Mon Valet","description":"Commencer votre voyage avec nous ! Partagez votre parking quand vous ne l\u2019utilisez pas et gagnez en moyenne par 800$ mois Revenus moyens par mois gr\u00e2ce \u00e0 Monvalet, la plus grande plateforme de parkingpartage au monde.","publisher":{"@id":"https:\/\/monvalet.com\/#organization"},"potentialAction":[{"@type":"SearchAction","target":{"@type":"EntryPoint","urlTemplate":"https:\/\/monvalet.com\/?s={search_term_string}"},"query-input":{"@type":"PropertyValueSpecification","valueRequired":true,"valueName":"search_term_string"}}],"inLanguage":"en-US"},{"@type":"Organization","@id":"https:\/\/monvalet.com\/#organization","name":"Mon valet","url":"https:\/\/monvalet.com\/","logo":{"@type":"ImageObject","inLanguage":"en-US","@id":"https:\/\/monvalet.com\/#\/schema\/logo\/image\/","url":"https:\/\/monvalet.com\/wp-content\/uploads\/2021\/10\/cropped-Mon-valet-4-1.png","contentUrl":"https:\/\/monvalet.com\/wp-content\/uploads\/2021\/10\/cropped-Mon-valet-4-1.png","width":512,"height":512,"caption":"Mon valet"},"image":{"@id":"https:\/\/monvalet.com\/#\/schema\/logo\/image\/"}}]}},"_links":{"self":[{"href":"https:\/\/monvalet.com\/en\/wp-json\/wp\/v2\/pages\/3002","targetHints":{"allow":["GET"]}}],"collection":[{"href":"https:\/\/monvalet.com\/en\/wp-json\/wp\/v2\/pages"}],"about":[{"href":"https:\/\/monvalet.com\/en\/wp-json\/wp\/v2\/types\/page"}],"author":[{"embeddable":true,"href":"https:\/\/monvalet.com\/en\/wp-json\/wp\/v2\/users\/1"}],"replies":[{"embeddable":true,"href":"https:\/\/monvalet.com\/en\/wp-json\/wp\/v2\/comments?post=3002"}],"version-history":[{"count":58,"href":"https:\/\/monvalet.com\/en\/wp-json\/wp\/v2\/pages\/3002\/revisions"}],"predecessor-version":[{"id":4168,"href":"https:\/\/monvalet.com\/en\/wp-json\/wp\/v2\/pages\/3002\/revisions\/4168"}],"wp:attachment":[{"href":"https:\/\/monvalet.com\/en\/wp-json\/wp\/v2\/media?parent=3002"}],"curies":[{"name":"wp","href":"https:\/\/api.w.org\/{rel}","templated":true}]}}