{"id":4197,"date":"2024-10-04T21:01:24","date_gmt":"2024-10-04T19:01:24","guid":{"rendered":"https:\/\/monvalet.com\/?page_id=4197"},"modified":"2024-10-04T21:01:25","modified_gmt":"2024-10-04T19:01:25","slug":"monvaletdriver","status":"publish","type":"page","link":"https:\/\/monvalet.com\/en\/monvaletdriver\/","title":{"rendered":"Monvaletdriver"},"content":{"rendered":"<p><strong>Pourquoi choisir notre service d&rsquo;accompagnement \u00e0 l\u2019a\u00e9roport ?<\/strong><\/p>\n\n\n\n<p>Notre service vous permet de voyager en toute tranquillit\u00e9. Un accompagnateur, qui r\u00e9side dans votre secteur, viendra directement chez vous pour vous conduire \u00e0 l\u2019a\u00e9roport, \u00e9vitant ainsi les frais de stationnement souvent \u00e9lev\u00e9s. \u00c0 votre retour de voyage, ce m\u00eame accompagnateur sera l\u00e0 pour vous r\u00e9cup\u00e9rer et vous ramener chez vous, sans stress ni complications.<\/p>\n\n\n\n<p><strong>Comment fonctionne notre service ?<\/strong><\/p>\n\n\n\n<ol class=\"wp-block-list\">\n<li><strong>R\u00e9servation facile :<\/strong> S\u00e9lectionnez un accompagnateur pr\u00e8s de chez vous via notre plateforme.<\/li>\n\n\n\n<li><strong>Trajets aller-retour :<\/strong> L\u2019accompagnateur vous prend en charge \u00e0 domicile pour vous conduire \u00e0 l\u2019a\u00e9roport. \u00c0 votre retour, il revient vous chercher \u00e0 l\u2019a\u00e9roport pour vous reconduire chez vous.<\/li>\n\n\n\n<li><strong>S\u00e9curit\u00e9 et fiabilit\u00e9 :<\/strong> Nos accompagnateurs sont v\u00e9rifi\u00e9s et vivent pr\u00e8s de chez vous, ce qui garantit un service rapide et fiable.<\/li>\n<\/ol>\n\n\n\n<p><strong>Avant de r\u00e9server, contactez-nous !<\/strong><br>Il est important de prendre contact avec notre \u00e9quipe avant de finaliser votre r\u00e9servation. Cela nous permet de r\u00e9pondre \u00e0 vos questions, de vous guider dans le choix de l\u2019accompagnateur et d\u2019assurer que tout se d\u00e9roule parfaitement.<\/p>\n\n\n\n<p>Pour une exp\u00e9rience de voyage sans tracas, n\u2019h\u00e9sitez pas \u00e0 nous contacter !<\/p>\n\n\n<style>.wp-block-kadence-advancedbtn.kb-btns4197_0a9ab7-a5{gap:var(--global-kb-gap-xs, 0.5rem );justify-content:center;align-items:center;}.kt-btns4197_0a9ab7-a5 .kt-button{font-weight:normal;font-style:normal;}.kt-btns4197_0a9ab7-a5 .kt-btn-wrap-0{margin-right:5px;}.wp-block-kadence-advancedbtn.kt-btns4197_0a9ab7-a5 .kt-btn-wrap-0 .kt-button{color:#555555;border-color:#555555;}.wp-block-kadence-advancedbtn.kt-btns4197_0a9ab7-a5 .kt-btn-wrap-0 .kt-button:hover, .wp-block-kadence-advancedbtn.kt-btns4197_0a9ab7-a5 .kt-btn-wrap-0 .kt-button:focus{color:#ffffff;border-color:#444444;}.wp-block-kadence-advancedbtn.kt-btns4197_0a9ab7-a5 .kt-btn-wrap-0 .kt-button::before{display:none;}.wp-block-kadence-advancedbtn.kt-btns4197_0a9ab7-a5 .kt-btn-wrap-0 .kt-button:hover, .wp-block-kadence-advancedbtn.kt-btns4197_0a9ab7-a5 .kt-btn-wrap-0 .kt-button:focus{background:#444444;}<\/style>\n<div class=\"wp-block-kadence-advancedbtn kb-buttons-wrap kb-btns4197_0a9ab7-a5\"><style>ul.menu .wp-block-kadence-advancedbtn .kb-btn4197_e84904-8a.kb-button{width:initial;}<\/style><a class=\"kb-button kt-button button kb-btn4197_e84904-8a kt-btn-size-standard kt-btn-width-type-auto kb-btn-global-fill  kt-btn-has-text-true kt-btn-has-svg-false  wp-block-kadence-singlebtn\" href=\"https:\/\/monvaletdriver.com\"><span class=\"kt-btn-inner-text\">Reservez<\/span><\/a><\/div>\n\n\n\n<p><\/p>","protected":false},"excerpt":{"rendered":"<p>Pourquoi choisir notre service d&rsquo;accompagnement \u00e0 l\u2019a\u00e9roport ? Notre service vous permet de voyager en toute tranquillit\u00e9. Un accompagnateur, qui r\u00e9side dans votre secteur, viendra directement chez vous pour vous conduire \u00e0 l\u2019a\u00e9roport, \u00e9vitant ainsi les frais de stationnement souvent \u00e9lev\u00e9s. \u00c0 votre retour de voyage, ce m\u00eame accompagnateur sera l\u00e0 pour vous r\u00e9cup\u00e9rer et &hellip; <a href=\"https:\/\/monvalet.com\/en\/monvaletdriver\/\" class=\"more-link\">Continue reading <span class=\"screen-reader-text\">Monvaletdriver<\/span><\/a><\/p>","protected":false},"author":1,"featured_media":0,"parent":0,"menu_order":0,"comment_status":"closed","ping_status":"closed","template":"","meta":{"_kadence_starter_templates_imported_post":false,"footnotes":""},"class_list":["post-4197","page","type-page","status-publish","hentry"],"yoast_head":"<!-- This site is optimized with the Yoast SEO plugin v27.4 - https:\/\/yoast.com\/product\/yoast-seo-wordpress\/ -->\n<title>Monvaletdriver - Mon Valet<\/title>\n<meta name=\"robots\" content=\"index, follow, max-snippet:-1, max-image-preview:large, max-video-preview:-1\" \/>\n<link rel=\"canonical\" href=\"https:\/\/monvalet.com\/en\/monvaletdriver\/\" \/>\n<meta property=\"og:locale\" content=\"en_US\" \/>\n<meta property=\"og:type\" content=\"article\" \/>\n<meta property=\"og:title\" content=\"Monvaletdriver - Mon Valet\" \/>\n<meta property=\"og:description\" content=\"Pourquoi choisir notre service d&rsquo;accompagnement \u00e0 l\u2019a\u00e9roport ? Notre service vous permet de voyager en toute tranquillit\u00e9. Un accompagnateur, qui r\u00e9side dans votre secteur, viendra directement chez vous pour vous conduire \u00e0 l\u2019a\u00e9roport, \u00e9vitant ainsi les frais de stationnement souvent \u00e9lev\u00e9s. \u00c0 votre retour de voyage, ce m\u00eame accompagnateur sera l\u00e0 pour vous r\u00e9cup\u00e9rer et &hellip; Continue reading Monvaletdriver\" \/>\n<meta property=\"og:url\" content=\"https:\/\/monvalet.com\/en\/monvaletdriver\/\" \/>\n<meta property=\"og:site_name\" content=\"Mon Valet\" \/>\n<meta property=\"article:modified_time\" content=\"2024-10-04T19:01:25+00:00\" \/>\n<meta name=\"twitter:card\" content=\"summary_large_image\" \/>\n<meta name=\"twitter:label1\" content=\"Est. reading time\" \/>\n\t<meta name=\"twitter:data1\" content=\"1 minute\" \/>\n<script type=\"application\/ld+json\" class=\"yoast-schema-graph\">{\"@context\":\"https:\\\/\\\/schema.org\",\"@graph\":[{\"@type\":\"WebPage\",\"@id\":\"https:\\\/\\\/monvalet.com\\\/monvaletdriver\\\/\",\"url\":\"https:\\\/\\\/monvalet.com\\\/monvaletdriver\\\/\",\"name\":\"Monvaletdriver - Mon Valet\",\"isPartOf\":{\"@id\":\"https:\\\/\\\/monvalet.com\\\/#website\"},\"datePublished\":\"2024-10-04T19:01:24+00:00\",\"dateModified\":\"2024-10-04T19:01:25+00:00\",\"breadcrumb\":{\"@id\":\"https:\\\/\\\/monvalet.com\\\/monvaletdriver\\\/#breadcrumb\"},\"inLanguage\":\"en-US\",\"potentialAction\":[{\"@type\":\"ReadAction\",\"target\":[\"https:\\\/\\\/monvalet.com\\\/monvaletdriver\\\/\"]}]},{\"@type\":\"BreadcrumbList\",\"@id\":\"https:\\\/\\\/monvalet.com\\\/monvaletdriver\\\/#breadcrumb\",\"itemListElement\":[{\"@type\":\"ListItem\",\"position\":1,\"name\":\"Accueil\",\"item\":\"https:\\\/\\\/monvalet.com\\\/\"},{\"@type\":\"ListItem\",\"position\":2,\"name\":\"Monvaletdriver\"}]},{\"@type\":\"WebSite\",\"@id\":\"https:\\\/\\\/monvalet.com\\\/#website\",\"url\":\"https:\\\/\\\/monvalet.com\\\/\",\"name\":\"Mon Valet\",\"description\":\"Commencer votre voyage avec nous ! Partagez votre parking quand vous ne l\u2019utilisez pas et gagnez en moyenne par 800$ mois Revenus moyens par mois gr\u00e2ce \u00e0 Monvalet, la plus grande plateforme de parkingpartage au monde.\",\"publisher\":{\"@id\":\"https:\\\/\\\/monvalet.com\\\/#organization\"},\"potentialAction\":[{\"@type\":\"SearchAction\",\"target\":{\"@type\":\"EntryPoint\",\"urlTemplate\":\"https:\\\/\\\/monvalet.com\\\/?s={search_term_string}\"},\"query-input\":{\"@type\":\"PropertyValueSpecification\",\"valueRequired\":true,\"valueName\":\"search_term_string\"}}],\"inLanguage\":\"en-US\"},{\"@type\":\"Organization\",\"@id\":\"https:\\\/\\\/monvalet.com\\\/#organization\",\"name\":\"Mon valet\",\"url\":\"https:\\\/\\\/monvalet.com\\\/\",\"logo\":{\"@type\":\"ImageObject\",\"inLanguage\":\"en-US\",\"@id\":\"https:\\\/\\\/monvalet.com\\\/#\\\/schema\\\/logo\\\/image\\\/\",\"url\":\"https:\\\/\\\/monvalet.com\\\/wp-content\\\/uploads\\\/2021\\\/10\\\/cropped-Mon-valet-4-1.png\",\"contentUrl\":\"https:\\\/\\\/monvalet.com\\\/wp-content\\\/uploads\\\/2021\\\/10\\\/cropped-Mon-valet-4-1.png\",\"width\":512,\"height\":512,\"caption\":\"Mon valet\"},\"image\":{\"@id\":\"https:\\\/\\\/monvalet.com\\\/#\\\/schema\\\/logo\\\/image\\\/\"}}]}<\/script>\n<!-- \/ Yoast SEO plugin. -->","yoast_head_json":{"title":"Monvaletdriver - Mon Valet","robots":{"index":"index","follow":"follow","max-snippet":"max-snippet:-1","max-image-preview":"max-image-preview:large","max-video-preview":"max-video-preview:-1"},"canonical":"https:\/\/monvalet.com\/en\/monvaletdriver\/","og_locale":"en_US","og_type":"article","og_title":"Monvaletdriver - Mon Valet","og_description":"Pourquoi choisir notre service d&rsquo;accompagnement \u00e0 l\u2019a\u00e9roport ? Notre service vous permet de voyager en toute tranquillit\u00e9. Un accompagnateur, qui r\u00e9side dans votre secteur, viendra directement chez vous pour vous conduire \u00e0 l\u2019a\u00e9roport, \u00e9vitant ainsi les frais de stationnement souvent \u00e9lev\u00e9s. \u00c0 votre retour de voyage, ce m\u00eame accompagnateur sera l\u00e0 pour vous r\u00e9cup\u00e9rer et &hellip; Continue reading Monvaletdriver","og_url":"https:\/\/monvalet.com\/en\/monvaletdriver\/","og_site_name":"Mon Valet","article_modified_time":"2024-10-04T19:01:25+00:00","twitter_card":"summary_large_image","twitter_misc":{"Est. reading time":"1 minute"},"schema":{"@context":"https:\/\/schema.org","@graph":[{"@type":"WebPage","@id":"https:\/\/monvalet.com\/monvaletdriver\/","url":"https:\/\/monvalet.com\/monvaletdriver\/","name":"Monvaletdriver - Mon Valet","isPartOf":{"@id":"https:\/\/monvalet.com\/#website"},"datePublished":"2024-10-04T19:01:24+00:00","dateModified":"2024-10-04T19:01:25+00:00","breadcrumb":{"@id":"https:\/\/monvalet.com\/monvaletdriver\/#breadcrumb"},"inLanguage":"en-US","potentialAction":[{"@type":"ReadAction","target":["https:\/\/monvalet.com\/monvaletdriver\/"]}]},{"@type":"BreadcrumbList","@id":"https:\/\/monvalet.com\/monvaletdriver\/#breadcrumb","itemListElement":[{"@type":"ListItem","position":1,"name":"Accueil","item":"https:\/\/monvalet.com\/"},{"@type":"ListItem","position":2,"name":"Monvaletdriver"}]},{"@type":"WebSite","@id":"https:\/\/monvalet.com\/#website","url":"https:\/\/monvalet.com\/","name":"Mon Valet","description":"Commencer votre voyage avec nous ! Partagez votre parking quand vous ne l\u2019utilisez pas et gagnez en moyenne par 800$ mois Revenus moyens par mois gr\u00e2ce \u00e0 Monvalet, la plus grande plateforme de parkingpartage au monde.","publisher":{"@id":"https:\/\/monvalet.com\/#organization"},"potentialAction":[{"@type":"SearchAction","target":{"@type":"EntryPoint","urlTemplate":"https:\/\/monvalet.com\/?s={search_term_string}"},"query-input":{"@type":"PropertyValueSpecification","valueRequired":true,"valueName":"search_term_string"}}],"inLanguage":"en-US"},{"@type":"Organization","@id":"https:\/\/monvalet.com\/#organization","name":"Mon valet","url":"https:\/\/monvalet.com\/","logo":{"@type":"ImageObject","inLanguage":"en-US","@id":"https:\/\/monvalet.com\/#\/schema\/logo\/image\/","url":"https:\/\/monvalet.com\/wp-content\/uploads\/2021\/10\/cropped-Mon-valet-4-1.png","contentUrl":"https:\/\/monvalet.com\/wp-content\/uploads\/2021\/10\/cropped-Mon-valet-4-1.png","width":512,"height":512,"caption":"Mon valet"},"image":{"@id":"https:\/\/monvalet.com\/#\/schema\/logo\/image\/"}}]}},"_links":{"self":[{"href":"https:\/\/monvalet.com\/en\/wp-json\/wp\/v2\/pages\/4197","targetHints":{"allow":["GET"]}}],"collection":[{"href":"https:\/\/monvalet.com\/en\/wp-json\/wp\/v2\/pages"}],"about":[{"href":"https:\/\/monvalet.com\/en\/wp-json\/wp\/v2\/types\/page"}],"author":[{"embeddable":true,"href":"https:\/\/monvalet.com\/en\/wp-json\/wp\/v2\/users\/1"}],"replies":[{"embeddable":true,"href":"https:\/\/monvalet.com\/en\/wp-json\/wp\/v2\/comments?post=4197"}],"version-history":[{"count":1,"href":"https:\/\/monvalet.com\/en\/wp-json\/wp\/v2\/pages\/4197\/revisions"}],"predecessor-version":[{"id":4198,"href":"https:\/\/monvalet.com\/en\/wp-json\/wp\/v2\/pages\/4197\/revisions\/4198"}],"wp:attachment":[{"href":"https:\/\/monvalet.com\/en\/wp-json\/wp\/v2\/media?parent=4197"}],"curies":[{"name":"wp","href":"https:\/\/api.w.org\/{rel}","templated":true}]}}